{"id":97,"date":"2020-04-25T03:41:58","date_gmt":"2020-04-25T01:41:58","guid":{"rendered":"https:\/\/familie-fussek.at\/?page_id=97"},"modified":"2020-04-29T09:42:04","modified_gmt":"2020-04-29T07:42:04","slug":"unser-sport","status":"publish","type":"page","link":"https:\/\/familie-fussek.at\/?page_id=97","title":{"rendered":"Unser Sport"},"content":{"rendered":"<p>Da uns der Sport sehr verbindet, ist er f\u00fcr uns ein wesentlicher Bestandteil. Dazu geh\u00f6rt Laufen, Rennradfahren, Mountainbiken und Kraftsport. Yoga geh\u00f6rt (wenn auch nur selten) auch dazu. Auf folgenden Links k\u00f6nnt ihr weiter klicken \ud83d\ude09<\/p>\n<p><a href=\"https:\/\/familie-fussek.at\/?page_id=102\">Melli\u00b4s Sport<\/a><br \/>\n<a href=\"https:\/\/familie-fussek.at\/?page_id=117\">G\u00fcnter\u00b4s Sport<\/a><br \/>\nViel Spa\u00df dabei<\/p>\n<p><img loading=\"lazy\" decoding=\"async\" class=\" wp-image-426 alignleft\" src=\"https:\/\/familie-fussek.at\/wp-content\/uploads\/2020\/04\/Kl_Melanie-Pechmann-G\u00fcnter-Fussek-DZ-Marathon-4-300x169.jpg\" alt=\"\" width=\"495\" height=\"279\" srcset=\"https:\/\/familie-fussek.at\/wp-content\/uploads\/2020\/04\/Kl_Melanie-Pechmann-G\u00fcnter-Fussek-DZ-Marathon-4-300x169.jpg 300w, https:\/\/familie-fussek.at\/wp-content\/uploads\/2020\/04\/Kl_Melanie-Pechmann-G\u00fcnter-Fussek-DZ-Marathon-4-768x432.jpg 768w, https:\/\/familie-fussek.at\/wp-content\/uploads\/2020\/04\/Kl_Melanie-Pechmann-G\u00fcnter-Fussek-DZ-Marathon-4.jpg 1000w\" sizes=\"auto, (max-width: 495px) 100vw, 495px\" \/><\/p>\n","protected":false},"excerpt":{"rendered":"<p>Da uns der Sport sehr verbindet, ist er f\u00fcr uns ein wesentlicher Bestandteil. Dazu geh\u00f6rt Laufen, Rennradfahren, Mountainbiken und Kraftsport. Yoga geh\u00f6rt (wenn auch nur selten) auch dazu. Auf folgenden Links k\u00f6nnt ihr weiter klicken \ud83d\ude09 Melli\u00b4s Sport G\u00fcnter\u00b4s Sport Viel Spa\u00df dabei<\/p>\n","protected":false},"author":1,"featured_media":98,"parent":0,"menu_order":0,"comment_status":"closed","ping_status":"closed","template":"","meta":{"ngg_post_thumbnail":0,"footnotes":""},"class_list":["post-97","page","type-page","status-publish","has-post-thumbnail","hentry"],"yoast_head":"<!-- This site is optimized with the Yoast SEO plugin v25.1 - https:\/\/yoast.com\/wordpress\/plugins\/seo\/ -->\n<title>Unser Sport - Melli\u00b4s &amp; G\u00fcnter\u00b4s Webseite<\/title>\n<meta name=\"robots\" content=\"index, follow, max-snippet:-1, max-image-preview:large, max-video-preview:-1\" \/>\n<link rel=\"canonical\" href=\"https:\/\/familie-fussek.at\/?page_id=97\" \/>\n<meta property=\"og:locale\" content=\"de_DE\" \/>\n<meta property=\"og:type\" content=\"article\" \/>\n<meta property=\"og:title\" content=\"Unser Sport - Melli\u00b4s &amp; G\u00fcnter\u00b4s Webseite\" \/>\n<meta property=\"og:description\" content=\"Da uns der Sport sehr verbindet, ist er f\u00fcr uns ein wesentlicher Bestandteil. Dazu geh\u00f6rt Laufen, Rennradfahren, Mountainbiken und Kraftsport. Yoga geh\u00f6rt (wenn auch nur selten) auch dazu. Auf folgenden Links k\u00f6nnt ihr weiter klicken \ud83d\ude09 Melli\u00b4s Sport G\u00fcnter\u00b4s Sport Viel Spa\u00df dabei\" \/>\n<meta property=\"og:url\" content=\"https:\/\/familie-fussek.at\/?page_id=97\" \/>\n<meta property=\"og:site_name\" content=\"Melli\u00b4s &amp; G\u00fcnter\u00b4s Webseite\" \/>\n<meta property=\"article:publisher\" content=\"https:\/\/www.facebook.com\/FussekGuenter\" \/>\n<meta property=\"article:modified_time\" content=\"2020-04-29T07:42:04+00:00\" \/>\n<meta property=\"og:image\" content=\"https:\/\/familie-fussek.at\/wp-content\/uploads\/2020\/04\/S_Schonberg-Achtel-Man-2019_Melanie-Pechmann_G\u00fcnter-Fussek.jpg\" \/>\n\t<meta property=\"og:image:width\" content=\"1920\" \/>\n\t<meta property=\"og:image:height\" content=\"1474\" \/>\n\t<meta property=\"og:image:type\" content=\"image\/jpeg\" \/>\n<meta name=\"twitter:card\" content=\"summary_large_image\" \/>\n<script type=\"application\/ld+json\" class=\"yoast-schema-graph\">{\"@context\":\"https:\/\/schema.org\",\"@graph\":[{\"@type\":\"WebPage\",\"@id\":\"https:\/\/familie-fussek.at\/?page_id=97\",\"url\":\"https:\/\/familie-fussek.at\/?page_id=97\",\"name\":\"Unser Sport - Melli\u00b4s &amp; G\u00fcnter\u00b4s Webseite\",\"isPartOf\":{\"@id\":\"https:\/\/familie-fussek.at\/#website\"},\"primaryImageOfPage\":{\"@id\":\"https:\/\/familie-fussek.at\/?page_id=97#primaryimage\"},\"image\":{\"@id\":\"https:\/\/familie-fussek.at\/?page_id=97#primaryimage\"},\"thumbnailUrl\":\"https:\/\/familie-fussek.at\/wp-content\/uploads\/2020\/04\/S_Schonberg-Achtel-Man-2019_Melanie-Pechmann_G\u00fcnter-Fussek.jpg\",\"datePublished\":\"2020-04-25T01:41:58+00:00\",\"dateModified\":\"2020-04-29T07:42:04+00:00\",\"breadcrumb\":{\"@id\":\"https:\/\/familie-fussek.at\/?page_id=97#breadcrumb\"},\"inLanguage\":\"de\",\"potentialAction\":[{\"@type\":\"ReadAction\",\"target\":[\"https:\/\/familie-fussek.at\/?page_id=97\"]}]},{\"@type\":\"ImageObject\",\"inLanguage\":\"de\",\"@id\":\"https:\/\/familie-fussek.at\/?page_id=97#primaryimage\",\"url\":\"https:\/\/familie-fussek.at\/wp-content\/uploads\/2020\/04\/S_Schonberg-Achtel-Man-2019_Melanie-Pechmann_G\u00fcnter-Fussek.jpg\",\"contentUrl\":\"https:\/\/familie-fussek.at\/wp-content\/uploads\/2020\/04\/S_Schonberg-Achtel-Man-2019_Melanie-Pechmann_G\u00fcnter-Fussek.jpg\",\"width\":1920,\"height\":1474,\"caption\":\"Sch\u00f6nberg am Kamp, \u00d6sterreich, 8.9.2019, 4. Sch\u00f6nberg Achtelman Triathlon - Achtel Man 2019\"},{\"@type\":\"BreadcrumbList\",\"@id\":\"https:\/\/familie-fussek.at\/?page_id=97#breadcrumb\",\"itemListElement\":[{\"@type\":\"ListItem\",\"position\":1,\"name\":\"Startseite\",\"item\":\"https:\/\/familie-fussek.at\/\"},{\"@type\":\"ListItem\",\"position\":2,\"name\":\"Unser Sport\"}]},{\"@type\":\"WebSite\",\"@id\":\"https:\/\/familie-fussek.at\/#website\",\"url\":\"https:\/\/familie-fussek.at\/\",\"name\":\"Melli\u00b4s &amp; G\u00fcnter\u00b4s Webseite\",\"description\":\"\",\"potentialAction\":[{\"@type\":\"SearchAction\",\"target\":{\"@type\":\"EntryPoint\",\"urlTemplate\":\"https:\/\/familie-fussek.at\/?s={search_term_string}\"},\"query-input\":{\"@type\":\"PropertyValueSpecification\",\"valueRequired\":true,\"valueName\":\"search_term_string\"}}],\"inLanguage\":\"de\"}]}<\/script>\n<!-- \/ Yoast SEO plugin. -->","yoast_head_json":{"title":"Unser Sport - Melli\u00b4s &amp; G\u00fcnter\u00b4s Webseite","robots":{"index":"index","follow":"follow","max-snippet":"max-snippet:-1","max-image-preview":"max-image-preview:large","max-video-preview":"max-video-preview:-1"},"canonical":"https:\/\/familie-fussek.at\/?page_id=97","og_locale":"de_DE","og_type":"article","og_title":"Unser Sport - Melli\u00b4s &amp; G\u00fcnter\u00b4s Webseite","og_description":"Da uns der Sport sehr verbindet, ist er f\u00fcr uns ein wesentlicher Bestandteil. Dazu geh\u00f6rt Laufen, Rennradfahren, Mountainbiken und Kraftsport. Yoga geh\u00f6rt (wenn auch nur selten) auch dazu. Auf folgenden Links k\u00f6nnt ihr weiter klicken \ud83d\ude09 Melli\u00b4s Sport G\u00fcnter\u00b4s Sport Viel Spa\u00df dabei","og_url":"https:\/\/familie-fussek.at\/?page_id=97","og_site_name":"Melli\u00b4s &amp; G\u00fcnter\u00b4s Webseite","article_publisher":"https:\/\/www.facebook.com\/FussekGuenter","article_modified_time":"2020-04-29T07:42:04+00:00","og_image":[{"width":1920,"height":1474,"url":"https:\/\/familie-fussek.at\/wp-content\/uploads\/2020\/04\/S_Schonberg-Achtel-Man-2019_Melanie-Pechmann_G\u00fcnter-Fussek.jpg","type":"image\/jpeg"}],"twitter_card":"summary_large_image","schema":{"@context":"https:\/\/schema.org","@graph":[{"@type":"WebPage","@id":"https:\/\/familie-fussek.at\/?page_id=97","url":"https:\/\/familie-fussek.at\/?page_id=97","name":"Unser Sport - Melli\u00b4s &amp; G\u00fcnter\u00b4s Webseite","isPartOf":{"@id":"https:\/\/familie-fussek.at\/#website"},"primaryImageOfPage":{"@id":"https:\/\/familie-fussek.at\/?page_id=97#primaryimage"},"image":{"@id":"https:\/\/familie-fussek.at\/?page_id=97#primaryimage"},"thumbnailUrl":"https:\/\/familie-fussek.at\/wp-content\/uploads\/2020\/04\/S_Schonberg-Achtel-Man-2019_Melanie-Pechmann_G\u00fcnter-Fussek.jpg","datePublished":"2020-04-25T01:41:58+00:00","dateModified":"2020-04-29T07:42:04+00:00","breadcrumb":{"@id":"https:\/\/familie-fussek.at\/?page_id=97#breadcrumb"},"inLanguage":"de","potentialAction":[{"@type":"ReadAction","target":["https:\/\/familie-fussek.at\/?page_id=97"]}]},{"@type":"ImageObject","inLanguage":"de","@id":"https:\/\/familie-fussek.at\/?page_id=97#primaryimage","url":"https:\/\/familie-fussek.at\/wp-content\/uploads\/2020\/04\/S_Schonberg-Achtel-Man-2019_Melanie-Pechmann_G\u00fcnter-Fussek.jpg","contentUrl":"https:\/\/familie-fussek.at\/wp-content\/uploads\/2020\/04\/S_Schonberg-Achtel-Man-2019_Melanie-Pechmann_G\u00fcnter-Fussek.jpg","width":1920,"height":1474,"caption":"Sch\u00f6nberg am Kamp, \u00d6sterreich, 8.9.2019, 4. Sch\u00f6nberg Achtelman Triathlon - Achtel Man 2019"},{"@type":"BreadcrumbList","@id":"https:\/\/familie-fussek.at\/?page_id=97#breadcrumb","itemListElement":[{"@type":"ListItem","position":1,"name":"Startseite","item":"https:\/\/familie-fussek.at\/"},{"@type":"ListItem","position":2,"name":"Unser Sport"}]},{"@type":"WebSite","@id":"https:\/\/familie-fussek.at\/#website","url":"https:\/\/familie-fussek.at\/","name":"Melli\u00b4s &amp; G\u00fcnter\u00b4s Webseite","description":"","potentialAction":[{"@type":"SearchAction","target":{"@type":"EntryPoint","urlTemplate":"https:\/\/familie-fussek.at\/?s={search_term_string}"},"query-input":{"@type":"PropertyValueSpecification","valueRequired":true,"valueName":"search_term_string"}}],"inLanguage":"de"}]}},"_links":{"self":[{"href":"https:\/\/familie-fussek.at\/index.php?rest_route=\/wp\/v2\/pages\/97","targetHints":{"allow":["GET"]}}],"collection":[{"href":"https:\/\/familie-fussek.at\/index.php?rest_route=\/wp\/v2\/pages"}],"about":[{"href":"https:\/\/familie-fussek.at\/index.php?rest_route=\/wp\/v2\/types\/page"}],"author":[{"embeddable":true,"href":"https:\/\/familie-fussek.at\/index.php?rest_route=\/wp\/v2\/users\/1"}],"replies":[{"embeddable":true,"href":"https:\/\/familie-fussek.at\/index.php?rest_route=%2Fwp%2Fv2%2Fcomments&post=97"}],"version-history":[{"count":4,"href":"https:\/\/familie-fussek.at\/index.php?rest_route=\/wp\/v2\/pages\/97\/revisions"}],"predecessor-version":[{"id":428,"href":"https:\/\/familie-fussek.at\/index.php?rest_route=\/wp\/v2\/pages\/97\/revisions\/428"}],"wp:featuredmedia":[{"embeddable":true,"href":"https:\/\/familie-fussek.at\/index.php?rest_route=\/wp\/v2\/media\/98"}],"wp:attachment":[{"href":"https:\/\/familie-fussek.at\/index.php?rest_route=%2Fwp%2Fv2%2Fmedia&parent=97"}],"curies":[{"name":"wp","href":"https:\/\/api.w.org\/{rel}","templated":true}]}}