{"id":87,"date":"2020-04-25T02:49:30","date_gmt":"2020-04-25T00:49:30","guid":{"rendered":"https:\/\/familie-fussek.at\/?page_id=87"},"modified":"2020-04-28T12:26:50","modified_gmt":"2020-04-28T10:26:50","slug":"melli","status":"publish","type":"page","link":"https:\/\/familie-fussek.at\/?page_id=87","title":{"rendered":"Melli"},"content":{"rendered":"<p>Steckbrief<\/p>\n<p><strong>Name:<\/strong> Melli<\/p>\n<p><strong>Geboren:<\/strong> 13. M\u00e4rz 1984 im sch\u00f6nen Wien<\/p>\n<p><strong>Schule:<\/strong> Volksschule, Mittelschule, 1 Jahr HAK, Lehre zur B\u00fcrokauffrau<\/p>\n<p><strong>Beruf:<\/strong> B\u00fcrokauffrau<\/p>\n<p><strong>Meine Eigenschaften:<\/strong> Gerechtigkeitssinn, humorvoll, hilfsbereit (was nicht immer gut war), zielstrebig, gebe immer mein Bestes, einf\u00fchlsam, sehr geduldig.<\/p>\n<p><strong>Wen\/Was ich liebe<\/strong>: Meine Familie. Ehrliche, direkte und hilfsbereite Menschen.<\/p>\n<p><strong>Was ich hasse:<\/strong> Unehrliche und falsche Menschen.<\/p>\n<p><strong>Hobbies:<\/strong> Familie, Reisen, Tiere, B\u00fccher, Sport (Laufen, Radfahren, Yoga, Bowling, Wandern), mit Freunden Zeit verbringen.<\/p>\n<p><strong>Was ich privat noch erreichen m\u00f6chte:<\/strong> Mit meiner Familie noch lange sch\u00f6ne Zeiten erleben, Freunde unterst\u00fctzen wo immer ich kann<\/p>\n<p style=\"text-align: center;\">\n<strong>\u2026\u2026mehr wird noch kommen\u2026\u2026.<\/strong><\/p>\n","protected":false},"excerpt":{"rendered":"<p>Steckbrief Name: Melli Geboren: 13. M\u00e4rz 1984 im sch\u00f6nen Wien Schule: Volksschule, Mittelschule, 1 Jahr HAK, Lehre zur B\u00fcrokauffrau Beruf: B\u00fcrokauffrau Meine Eigenschaften: Gerechtigkeitssinn, humorvoll, hilfsbereit (was nicht immer gut war), zielstrebig, gebe immer mein Bestes, einf\u00fchlsam, sehr geduldig. Wen\/Was ich liebe: Meine Familie. Ehrliche, direkte und hilfsbereite Menschen. Was ich hasse: Unehrliche und falsche &hellip; <\/p>\n<p class=\"link-more\"><a href=\"https:\/\/familie-fussek.at\/?page_id=87\" class=\"more-link\"><span class=\"screen-reader-text\">\u201eMelli\u201c<\/span> weiterlesen<\/a><\/p>\n","protected":false},"author":1,"featured_media":88,"parent":0,"menu_order":0,"comment_status":"closed","ping_status":"closed","template":"","meta":{"ngg_post_thumbnail":0,"footnotes":""},"class_list":["post-87","page","type-page","status-publish","has-post-thumbnail","hentry"],"yoast_head":"<!-- This site is optimized with the Yoast SEO plugin v25.1 - https:\/\/yoast.com\/wordpress\/plugins\/seo\/ -->\n<title>Melli - Melli\u00b4s &amp; G\u00fcnter\u00b4s Webseite<\/title>\n<meta name=\"robots\" content=\"index, follow, max-snippet:-1, max-image-preview:large, max-video-preview:-1\" \/>\n<link rel=\"canonical\" href=\"https:\/\/familie-fussek.at\/?page_id=87\" \/>\n<meta property=\"og:locale\" content=\"de_DE\" \/>\n<meta property=\"og:type\" content=\"article\" \/>\n<meta property=\"og:title\" content=\"Melli - Melli\u00b4s &amp; G\u00fcnter\u00b4s Webseite\" \/>\n<meta property=\"og:description\" content=\"Steckbrief Name: Melli Geboren: 13. M\u00e4rz 1984 im sch\u00f6nen Wien Schule: Volksschule, Mittelschule, 1 Jahr HAK, Lehre zur B\u00fcrokauffrau Beruf: B\u00fcrokauffrau Meine Eigenschaften: Gerechtigkeitssinn, humorvoll, hilfsbereit (was nicht immer gut war), zielstrebig, gebe immer mein Bestes, einf\u00fchlsam, sehr geduldig. Wen\/Was ich liebe: Meine Familie. Ehrliche, direkte und hilfsbereite Menschen. Was ich hasse: Unehrliche und falsche &hellip; \u201eMelli\u201c weiterlesen\" \/>\n<meta property=\"og:url\" content=\"https:\/\/familie-fussek.at\/?page_id=87\" \/>\n<meta property=\"og:site_name\" content=\"Melli\u00b4s &amp; G\u00fcnter\u00b4s Webseite\" \/>\n<meta property=\"article:publisher\" content=\"https:\/\/www.facebook.com\/FussekGuenter\" \/>\n<meta property=\"article:modified_time\" content=\"2020-04-28T10:26:50+00:00\" \/>\n<meta property=\"og:image\" content=\"https:\/\/familie-fussek.at\/wp-content\/uploads\/2020\/04\/S_Meli_Dom_Rep_Melanie-Pechmann.jpg\" \/>\n\t<meta property=\"og:image:width\" content=\"1980\" \/>\n\t<meta property=\"og:image:height\" content=\"1114\" \/>\n\t<meta property=\"og:image:type\" content=\"image\/jpeg\" \/>\n<meta name=\"twitter:card\" content=\"summary_large_image\" \/>\n<meta name=\"twitter:label1\" content=\"Gesch\u00e4tzte Lesezeit\" \/>\n\t<meta name=\"twitter:data1\" content=\"1\u00a0Minute\" \/>\n<script type=\"application\/ld+json\" class=\"yoast-schema-graph\">{\"@context\":\"https:\/\/schema.org\",\"@graph\":[{\"@type\":\"WebPage\",\"@id\":\"https:\/\/familie-fussek.at\/?page_id=87\",\"url\":\"https:\/\/familie-fussek.at\/?page_id=87\",\"name\":\"Melli - Melli\u00b4s &amp; G\u00fcnter\u00b4s Webseite\",\"isPartOf\":{\"@id\":\"https:\/\/familie-fussek.at\/#website\"},\"primaryImageOfPage\":{\"@id\":\"https:\/\/familie-fussek.at\/?page_id=87#primaryimage\"},\"image\":{\"@id\":\"https:\/\/familie-fussek.at\/?page_id=87#primaryimage\"},\"thumbnailUrl\":\"https:\/\/familie-fussek.at\/wp-content\/uploads\/2020\/04\/S_Meli_Dom_Rep_Melanie-Pechmann.jpg\",\"datePublished\":\"2020-04-25T00:49:30+00:00\",\"dateModified\":\"2020-04-28T10:26:50+00:00\",\"breadcrumb\":{\"@id\":\"https:\/\/familie-fussek.at\/?page_id=87#breadcrumb\"},\"inLanguage\":\"de\",\"potentialAction\":[{\"@type\":\"ReadAction\",\"target\":[\"https:\/\/familie-fussek.at\/?page_id=87\"]}]},{\"@type\":\"ImageObject\",\"inLanguage\":\"de\",\"@id\":\"https:\/\/familie-fussek.at\/?page_id=87#primaryimage\",\"url\":\"https:\/\/familie-fussek.at\/wp-content\/uploads\/2020\/04\/S_Meli_Dom_Rep_Melanie-Pechmann.jpg\",\"contentUrl\":\"https:\/\/familie-fussek.at\/wp-content\/uploads\/2020\/04\/S_Meli_Dom_Rep_Melanie-Pechmann.jpg\",\"width\":1980,\"height\":1114,\"caption\":\"Dom_Rep_Melanie Pechmann 1_2020\"},{\"@type\":\"BreadcrumbList\",\"@id\":\"https:\/\/familie-fussek.at\/?page_id=87#breadcrumb\",\"itemListElement\":[{\"@type\":\"ListItem\",\"position\":1,\"name\":\"Startseite\",\"item\":\"https:\/\/familie-fussek.at\/\"},{\"@type\":\"ListItem\",\"position\":2,\"name\":\"Melli\"}]},{\"@type\":\"WebSite\",\"@id\":\"https:\/\/familie-fussek.at\/#website\",\"url\":\"https:\/\/familie-fussek.at\/\",\"name\":\"Melli\u00b4s &amp; G\u00fcnter\u00b4s Webseite\",\"description\":\"\",\"potentialAction\":[{\"@type\":\"SearchAction\",\"target\":{\"@type\":\"EntryPoint\",\"urlTemplate\":\"https:\/\/familie-fussek.at\/?s={search_term_string}\"},\"query-input\":{\"@type\":\"PropertyValueSpecification\",\"valueRequired\":true,\"valueName\":\"search_term_string\"}}],\"inLanguage\":\"de\"}]}<\/script>\n<!-- \/ Yoast SEO plugin. -->","yoast_head_json":{"title":"Melli - Melli\u00b4s &amp; G\u00fcnter\u00b4s Webseite","robots":{"index":"index","follow":"follow","max-snippet":"max-snippet:-1","max-image-preview":"max-image-preview:large","max-video-preview":"max-video-preview:-1"},"canonical":"https:\/\/familie-fussek.at\/?page_id=87","og_locale":"de_DE","og_type":"article","og_title":"Melli - Melli\u00b4s &amp; G\u00fcnter\u00b4s Webseite","og_description":"Steckbrief Name: Melli Geboren: 13. M\u00e4rz 1984 im sch\u00f6nen Wien Schule: Volksschule, Mittelschule, 1 Jahr HAK, Lehre zur B\u00fcrokauffrau Beruf: B\u00fcrokauffrau Meine Eigenschaften: Gerechtigkeitssinn, humorvoll, hilfsbereit (was nicht immer gut war), zielstrebig, gebe immer mein Bestes, einf\u00fchlsam, sehr geduldig. Wen\/Was ich liebe: Meine Familie. Ehrliche, direkte und hilfsbereite Menschen. Was ich hasse: Unehrliche und falsche &hellip; \u201eMelli\u201c weiterlesen","og_url":"https:\/\/familie-fussek.at\/?page_id=87","og_site_name":"Melli\u00b4s &amp; G\u00fcnter\u00b4s Webseite","article_publisher":"https:\/\/www.facebook.com\/FussekGuenter","article_modified_time":"2020-04-28T10:26:50+00:00","og_image":[{"width":1980,"height":1114,"url":"https:\/\/familie-fussek.at\/wp-content\/uploads\/2020\/04\/S_Meli_Dom_Rep_Melanie-Pechmann.jpg","type":"image\/jpeg"}],"twitter_card":"summary_large_image","twitter_misc":{"Gesch\u00e4tzte Lesezeit":"1\u00a0Minute"},"schema":{"@context":"https:\/\/schema.org","@graph":[{"@type":"WebPage","@id":"https:\/\/familie-fussek.at\/?page_id=87","url":"https:\/\/familie-fussek.at\/?page_id=87","name":"Melli - Melli\u00b4s &amp; G\u00fcnter\u00b4s Webseite","isPartOf":{"@id":"https:\/\/familie-fussek.at\/#website"},"primaryImageOfPage":{"@id":"https:\/\/familie-fussek.at\/?page_id=87#primaryimage"},"image":{"@id":"https:\/\/familie-fussek.at\/?page_id=87#primaryimage"},"thumbnailUrl":"https:\/\/familie-fussek.at\/wp-content\/uploads\/2020\/04\/S_Meli_Dom_Rep_Melanie-Pechmann.jpg","datePublished":"2020-04-25T00:49:30+00:00","dateModified":"2020-04-28T10:26:50+00:00","breadcrumb":{"@id":"https:\/\/familie-fussek.at\/?page_id=87#breadcrumb"},"inLanguage":"de","potentialAction":[{"@type":"ReadAction","target":["https:\/\/familie-fussek.at\/?page_id=87"]}]},{"@type":"ImageObject","inLanguage":"de","@id":"https:\/\/familie-fussek.at\/?page_id=87#primaryimage","url":"https:\/\/familie-fussek.at\/wp-content\/uploads\/2020\/04\/S_Meli_Dom_Rep_Melanie-Pechmann.jpg","contentUrl":"https:\/\/familie-fussek.at\/wp-content\/uploads\/2020\/04\/S_Meli_Dom_Rep_Melanie-Pechmann.jpg","width":1980,"height":1114,"caption":"Dom_Rep_Melanie Pechmann 1_2020"},{"@type":"BreadcrumbList","@id":"https:\/\/familie-fussek.at\/?page_id=87#breadcrumb","itemListElement":[{"@type":"ListItem","position":1,"name":"Startseite","item":"https:\/\/familie-fussek.at\/"},{"@type":"ListItem","position":2,"name":"Melli"}]},{"@type":"WebSite","@id":"https:\/\/familie-fussek.at\/#website","url":"https:\/\/familie-fussek.at\/","name":"Melli\u00b4s &amp; G\u00fcnter\u00b4s Webseite","description":"","potentialAction":[{"@type":"SearchAction","target":{"@type":"EntryPoint","urlTemplate":"https:\/\/familie-fussek.at\/?s={search_term_string}"},"query-input":{"@type":"PropertyValueSpecification","valueRequired":true,"valueName":"search_term_string"}}],"inLanguage":"de"}]}},"_links":{"self":[{"href":"https:\/\/familie-fussek.at\/index.php?rest_route=\/wp\/v2\/pages\/87","targetHints":{"allow":["GET"]}}],"collection":[{"href":"https:\/\/familie-fussek.at\/index.php?rest_route=\/wp\/v2\/pages"}],"about":[{"href":"https:\/\/familie-fussek.at\/index.php?rest_route=\/wp\/v2\/types\/page"}],"author":[{"embeddable":true,"href":"https:\/\/familie-fussek.at\/index.php?rest_route=\/wp\/v2\/users\/1"}],"replies":[{"embeddable":true,"href":"https:\/\/familie-fussek.at\/index.php?rest_route=%2Fwp%2Fv2%2Fcomments&post=87"}],"version-history":[{"count":3,"href":"https:\/\/familie-fussek.at\/index.php?rest_route=\/wp\/v2\/pages\/87\/revisions"}],"predecessor-version":[{"id":392,"href":"https:\/\/familie-fussek.at\/index.php?rest_route=\/wp\/v2\/pages\/87\/revisions\/392"}],"wp:featuredmedia":[{"embeddable":true,"href":"https:\/\/familie-fussek.at\/index.php?rest_route=\/wp\/v2\/media\/88"}],"wp:attachment":[{"href":"https:\/\/familie-fussek.at\/index.php?rest_route=%2Fwp%2Fv2%2Fmedia&parent=87"}],"curies":[{"name":"wp","href":"https:\/\/api.w.org\/{rel}","templated":true}]}}