{"id":293,"date":"2020-04-27T08:08:26","date_gmt":"2020-04-27T06:08:26","guid":{"rendered":"https:\/\/familie-fussek.at\/?page_id=293"},"modified":"2020-04-29T18:31:27","modified_gmt":"2020-04-29T16:31:27","slug":"ecdl","status":"publish","type":"page","link":"https:\/\/familie-fussek.at\/?page_id=293","title":{"rendered":"MS &#8211; Office"},"content":{"rendered":"<p>Hier k\u00f6nntet ihr in k\u00fcrze meine MS Office B\u00fccher downloaden.<br \/>\nleider habe ich die Erfahrung gemacht, dass es Leute gibt, die meine B\u00fccher Dateien und \u00dcbungen zum Trainieren verwenden.<br \/>\nDeshalb muss ich leider die Leute genauer aussuchen die diese B\u00fccher bekommen. Die B\u00fccher habe ich in m\u00fchevoller Arbeit meist in der Nacht geschrieben und auch die \u00dcbungen dazu erstellt.<\/p>\n<p>Ihr kommt an die B\u00fccher, \u00dcbungen und auch Videos wenn ihr mit mir per Facebook oder E-Mail Kontakt aufnehmt. Nat\u00fcrlich bleiben Eure Daten (Mailadresse und Facebooknamen) nur bei mir.<br \/>\nIch behalte mir aber das Recht vor auch Leute abzulehnen, da ich die Methoden von so manchen Exkollegen und Kolleginnen kenne.<\/p>\n<p>Eine Weitergabe ohne meiner Zustimmung wird gerichtlich verfolgt.<br \/>\nHier die erste Leseprobe von <a href=\"https:\/\/familie-fussek.at\/wp-content\/uploads\/2020\/04\/Leseprobe_Excel-Buch-2020.pdf\">Leseprobe_Excel Buch 2020<\/a><\/p>\n","protected":false},"excerpt":{"rendered":"<p>Hier k\u00f6nntet ihr in k\u00fcrze meine MS Office B\u00fccher downloaden. leider habe ich die Erfahrung gemacht, dass es Leute gibt, die meine B\u00fccher Dateien und \u00dcbungen zum Trainieren verwenden. Deshalb muss ich leider die Leute genauer aussuchen die diese B\u00fccher bekommen. Die B\u00fccher habe ich in m\u00fchevoller Arbeit meist in der Nacht geschrieben und auch &hellip; <\/p>\n<p class=\"link-more\"><a href=\"https:\/\/familie-fussek.at\/?page_id=293\" class=\"more-link\"><span class=\"screen-reader-text\">\u201eMS &#8211; Office\u201c<\/span> weiterlesen<\/a><\/p>\n","protected":false},"author":1,"featured_media":304,"parent":0,"menu_order":0,"comment_status":"closed","ping_status":"closed","template":"","meta":{"ngg_post_thumbnail":0,"footnotes":""},"class_list":["post-293","page","type-page","status-publish","has-post-thumbnail","hentry"],"yoast_head":"<!-- This site is optimized with the Yoast SEO plugin v25.1 - https:\/\/yoast.com\/wordpress\/plugins\/seo\/ -->\n<title>MS - Office - Melli\u00b4s &amp; G\u00fcnter\u00b4s Webseite<\/title>\n<meta name=\"robots\" content=\"index, follow, max-snippet:-1, max-image-preview:large, max-video-preview:-1\" \/>\n<link rel=\"canonical\" href=\"https:\/\/familie-fussek.at\/?page_id=293\" \/>\n<meta property=\"og:locale\" content=\"de_DE\" \/>\n<meta property=\"og:type\" content=\"article\" \/>\n<meta property=\"og:title\" content=\"MS - Office - Melli\u00b4s &amp; G\u00fcnter\u00b4s Webseite\" \/>\n<meta property=\"og:description\" content=\"Hier k\u00f6nntet ihr in k\u00fcrze meine MS Office B\u00fccher downloaden. leider habe ich die Erfahrung gemacht, dass es Leute gibt, die meine B\u00fccher Dateien und \u00dcbungen zum Trainieren verwenden. Deshalb muss ich leider die Leute genauer aussuchen die diese B\u00fccher bekommen. Die B\u00fccher habe ich in m\u00fchevoller Arbeit meist in der Nacht geschrieben und auch &hellip; \u201eMS &#8211; Office\u201c weiterlesen\" \/>\n<meta property=\"og:url\" content=\"https:\/\/familie-fussek.at\/?page_id=293\" \/>\n<meta property=\"og:site_name\" content=\"Melli\u00b4s &amp; G\u00fcnter\u00b4s Webseite\" \/>\n<meta property=\"article:publisher\" content=\"https:\/\/www.facebook.com\/FussekGuenter\" \/>\n<meta property=\"article:modified_time\" content=\"2020-04-29T16:31:27+00:00\" \/>\n<meta property=\"og:image\" content=\"https:\/\/familie-fussek.at\/wp-content\/uploads\/2020\/04\/Ecdl-G\u00fcnter-Fussek.jpg\" \/>\n\t<meta property=\"og:image:width\" content=\"1923\" \/>\n\t<meta property=\"og:image:height\" content=\"1052\" \/>\n\t<meta property=\"og:image:type\" content=\"image\/jpeg\" \/>\n<meta name=\"twitter:card\" content=\"summary_large_image\" \/>\n<meta name=\"twitter:label1\" content=\"Gesch\u00e4tzte Lesezeit\" \/>\n\t<meta name=\"twitter:data1\" content=\"1\u00a0Minute\" \/>\n<script type=\"application\/ld+json\" class=\"yoast-schema-graph\">{\"@context\":\"https:\/\/schema.org\",\"@graph\":[{\"@type\":\"WebPage\",\"@id\":\"https:\/\/familie-fussek.at\/?page_id=293\",\"url\":\"https:\/\/familie-fussek.at\/?page_id=293\",\"name\":\"MS - Office - Melli\u00b4s &amp; G\u00fcnter\u00b4s Webseite\",\"isPartOf\":{\"@id\":\"https:\/\/familie-fussek.at\/#website\"},\"primaryImageOfPage\":{\"@id\":\"https:\/\/familie-fussek.at\/?page_id=293#primaryimage\"},\"image\":{\"@id\":\"https:\/\/familie-fussek.at\/?page_id=293#primaryimage\"},\"thumbnailUrl\":\"https:\/\/familie-fussek.at\/wp-content\/uploads\/2020\/04\/Ecdl-G\u00fcnter-Fussek.jpg\",\"datePublished\":\"2020-04-27T06:08:26+00:00\",\"dateModified\":\"2020-04-29T16:31:27+00:00\",\"breadcrumb\":{\"@id\":\"https:\/\/familie-fussek.at\/?page_id=293#breadcrumb\"},\"inLanguage\":\"de\",\"potentialAction\":[{\"@type\":\"ReadAction\",\"target\":[\"https:\/\/familie-fussek.at\/?page_id=293\"]}]},{\"@type\":\"ImageObject\",\"inLanguage\":\"de\",\"@id\":\"https:\/\/familie-fussek.at\/?page_id=293#primaryimage\",\"url\":\"https:\/\/familie-fussek.at\/wp-content\/uploads\/2020\/04\/Ecdl-G\u00fcnter-Fussek.jpg\",\"contentUrl\":\"https:\/\/familie-fussek.at\/wp-content\/uploads\/2020\/04\/Ecdl-G\u00fcnter-Fussek.jpg\",\"width\":1923,\"height\":1052},{\"@type\":\"BreadcrumbList\",\"@id\":\"https:\/\/familie-fussek.at\/?page_id=293#breadcrumb\",\"itemListElement\":[{\"@type\":\"ListItem\",\"position\":1,\"name\":\"Startseite\",\"item\":\"https:\/\/familie-fussek.at\/\"},{\"@type\":\"ListItem\",\"position\":2,\"name\":\"MS &#8211; Office\"}]},{\"@type\":\"WebSite\",\"@id\":\"https:\/\/familie-fussek.at\/#website\",\"url\":\"https:\/\/familie-fussek.at\/\",\"name\":\"Melli\u00b4s &amp; G\u00fcnter\u00b4s Webseite\",\"description\":\"\",\"potentialAction\":[{\"@type\":\"SearchAction\",\"target\":{\"@type\":\"EntryPoint\",\"urlTemplate\":\"https:\/\/familie-fussek.at\/?s={search_term_string}\"},\"query-input\":{\"@type\":\"PropertyValueSpecification\",\"valueRequired\":true,\"valueName\":\"search_term_string\"}}],\"inLanguage\":\"de\"}]}<\/script>\n<!-- \/ Yoast SEO plugin. -->","yoast_head_json":{"title":"MS - Office - Melli\u00b4s &amp; G\u00fcnter\u00b4s Webseite","robots":{"index":"index","follow":"follow","max-snippet":"max-snippet:-1","max-image-preview":"max-image-preview:large","max-video-preview":"max-video-preview:-1"},"canonical":"https:\/\/familie-fussek.at\/?page_id=293","og_locale":"de_DE","og_type":"article","og_title":"MS - Office - Melli\u00b4s &amp; G\u00fcnter\u00b4s Webseite","og_description":"Hier k\u00f6nntet ihr in k\u00fcrze meine MS Office B\u00fccher downloaden. leider habe ich die Erfahrung gemacht, dass es Leute gibt, die meine B\u00fccher Dateien und \u00dcbungen zum Trainieren verwenden. Deshalb muss ich leider die Leute genauer aussuchen die diese B\u00fccher bekommen. Die B\u00fccher habe ich in m\u00fchevoller Arbeit meist in der Nacht geschrieben und auch &hellip; \u201eMS &#8211; Office\u201c weiterlesen","og_url":"https:\/\/familie-fussek.at\/?page_id=293","og_site_name":"Melli\u00b4s &amp; G\u00fcnter\u00b4s Webseite","article_publisher":"https:\/\/www.facebook.com\/FussekGuenter","article_modified_time":"2020-04-29T16:31:27+00:00","og_image":[{"width":1923,"height":1052,"url":"https:\/\/familie-fussek.at\/wp-content\/uploads\/2020\/04\/Ecdl-G\u00fcnter-Fussek.jpg","type":"image\/jpeg"}],"twitter_card":"summary_large_image","twitter_misc":{"Gesch\u00e4tzte Lesezeit":"1\u00a0Minute"},"schema":{"@context":"https:\/\/schema.org","@graph":[{"@type":"WebPage","@id":"https:\/\/familie-fussek.at\/?page_id=293","url":"https:\/\/familie-fussek.at\/?page_id=293","name":"MS - Office - Melli\u00b4s &amp; G\u00fcnter\u00b4s Webseite","isPartOf":{"@id":"https:\/\/familie-fussek.at\/#website"},"primaryImageOfPage":{"@id":"https:\/\/familie-fussek.at\/?page_id=293#primaryimage"},"image":{"@id":"https:\/\/familie-fussek.at\/?page_id=293#primaryimage"},"thumbnailUrl":"https:\/\/familie-fussek.at\/wp-content\/uploads\/2020\/04\/Ecdl-G\u00fcnter-Fussek.jpg","datePublished":"2020-04-27T06:08:26+00:00","dateModified":"2020-04-29T16:31:27+00:00","breadcrumb":{"@id":"https:\/\/familie-fussek.at\/?page_id=293#breadcrumb"},"inLanguage":"de","potentialAction":[{"@type":"ReadAction","target":["https:\/\/familie-fussek.at\/?page_id=293"]}]},{"@type":"ImageObject","inLanguage":"de","@id":"https:\/\/familie-fussek.at\/?page_id=293#primaryimage","url":"https:\/\/familie-fussek.at\/wp-content\/uploads\/2020\/04\/Ecdl-G\u00fcnter-Fussek.jpg","contentUrl":"https:\/\/familie-fussek.at\/wp-content\/uploads\/2020\/04\/Ecdl-G\u00fcnter-Fussek.jpg","width":1923,"height":1052},{"@type":"BreadcrumbList","@id":"https:\/\/familie-fussek.at\/?page_id=293#breadcrumb","itemListElement":[{"@type":"ListItem","position":1,"name":"Startseite","item":"https:\/\/familie-fussek.at\/"},{"@type":"ListItem","position":2,"name":"MS &#8211; Office"}]},{"@type":"WebSite","@id":"https:\/\/familie-fussek.at\/#website","url":"https:\/\/familie-fussek.at\/","name":"Melli\u00b4s &amp; G\u00fcnter\u00b4s Webseite","description":"","potentialAction":[{"@type":"SearchAction","target":{"@type":"EntryPoint","urlTemplate":"https:\/\/familie-fussek.at\/?s={search_term_string}"},"query-input":{"@type":"PropertyValueSpecification","valueRequired":true,"valueName":"search_term_string"}}],"inLanguage":"de"}]}},"_links":{"self":[{"href":"https:\/\/familie-fussek.at\/index.php?rest_route=\/wp\/v2\/pages\/293","targetHints":{"allow":["GET"]}}],"collection":[{"href":"https:\/\/familie-fussek.at\/index.php?rest_route=\/wp\/v2\/pages"}],"about":[{"href":"https:\/\/familie-fussek.at\/index.php?rest_route=\/wp\/v2\/types\/page"}],"author":[{"embeddable":true,"href":"https:\/\/familie-fussek.at\/index.php?rest_route=\/wp\/v2\/users\/1"}],"replies":[{"embeddable":true,"href":"https:\/\/familie-fussek.at\/index.php?rest_route=%2Fwp%2Fv2%2Fcomments&post=293"}],"version-history":[{"count":8,"href":"https:\/\/familie-fussek.at\/index.php?rest_route=\/wp\/v2\/pages\/293\/revisions"}],"predecessor-version":[{"id":450,"href":"https:\/\/familie-fussek.at\/index.php?rest_route=\/wp\/v2\/pages\/293\/revisions\/450"}],"wp:featuredmedia":[{"embeddable":true,"href":"https:\/\/familie-fussek.at\/index.php?rest_route=\/wp\/v2\/media\/304"}],"wp:attachment":[{"href":"https:\/\/familie-fussek.at\/index.php?rest_route=%2Fwp%2Fv2%2Fmedia&parent=293"}],"curies":[{"name":"wp","href":"https:\/\/api.w.org\/{rel}","templated":true}]}}