{"id":289,"date":"2020-04-27T08:07:24","date_gmt":"2020-04-27T06:07:24","guid":{"rendered":"https:\/\/familie-fussek.at\/?page_id=289"},"modified":"2020-04-30T06:43:20","modified_gmt":"2020-04-30T04:43:20","slug":"it-hier-seht-ihr-die-it-seite-von-bildungsmanager-guenter-fussek","status":"publish","type":"page","link":"https:\/\/familie-fussek.at\/?page_id=289","title":{"rendered":"IT"},"content":{"rendered":"<p>Hier wird alles \u00fcber IT angezeigt, von \u00dcbungen bis Tutorials und nat\u00fcrlich auch die passenden Dateien dazu.<\/p>\n<p>Haupts\u00e4chliche Themen:<\/p>\n<p><a href=\"https:\/\/familie-fussek.at\/?page_id=291\"><strong>Blender<\/strong><\/a><br \/>\n<a href=\"https:\/\/familie-fussek.at\/?page_id=293\"><strong>ECDL<\/strong><\/a><br \/>\n<a href=\"https:\/\/familie-fussek.at\/?page_id=295\"><strong>Webseiten erstellen<\/strong><\/a><br \/>\n<a href=\"https:\/\/familie-fussek.at\/?page_id=297\"><strong>DTP Programme<\/strong><\/a><\/p>\n","protected":false},"excerpt":{"rendered":"<p>Hier wird alles \u00fcber IT angezeigt, von \u00dcbungen bis Tutorials und nat\u00fcrlich auch die passenden Dateien dazu. Haupts\u00e4chliche Themen: Blender ECDL Webseiten erstellen DTP Programme<\/p>\n","protected":false},"author":1,"featured_media":0,"parent":0,"menu_order":0,"comment_status":"closed","ping_status":"closed","template":"","meta":{"ngg_post_thumbnail":0,"footnotes":""},"class_list":["post-289","page","type-page","status-publish","hentry"],"yoast_head":"<!-- This site is optimized with the Yoast SEO plugin v25.1 - https:\/\/yoast.com\/wordpress\/plugins\/seo\/ -->\n<title>IT - Melli\u00b4s &amp; G\u00fcnter\u00b4s Webseite<\/title>\n<meta name=\"description\" content=\"Ich gehe hier vor allem auf ECDL, Blender, WordPress, und DTP Programme ein. Meine Jahre lange Erfahrung als EDV Trainer kann Euch helfen.\" \/>\n<meta name=\"robots\" content=\"index, follow, max-snippet:-1, max-image-preview:large, max-video-preview:-1\" \/>\n<link rel=\"canonical\" href=\"https:\/\/familie-fussek.at\/?page_id=289\" \/>\n<meta property=\"og:locale\" content=\"de_DE\" \/>\n<meta property=\"og:type\" content=\"article\" \/>\n<meta property=\"og:title\" content=\"IT - Melli\u00b4s &amp; G\u00fcnter\u00b4s Webseite\" \/>\n<meta property=\"og:description\" content=\"Ich gehe hier vor allem auf ECDL, Blender, WordPress, und DTP Programme ein. Meine Jahre lange Erfahrung als EDV Trainer kann Euch helfen.\" \/>\n<meta property=\"og:url\" content=\"https:\/\/familie-fussek.at\/?page_id=289\" \/>\n<meta property=\"og:site_name\" content=\"Melli\u00b4s &amp; G\u00fcnter\u00b4s Webseite\" \/>\n<meta property=\"article:publisher\" content=\"https:\/\/www.facebook.com\/FussekGuenter\" \/>\n<meta property=\"article:modified_time\" content=\"2020-04-30T04:43:20+00:00\" \/>\n<meta name=\"twitter:card\" content=\"summary_large_image\" \/>\n<script type=\"application\/ld+json\" class=\"yoast-schema-graph\">{\"@context\":\"https:\/\/schema.org\",\"@graph\":[{\"@type\":\"WebPage\",\"@id\":\"https:\/\/familie-fussek.at\/?page_id=289\",\"url\":\"https:\/\/familie-fussek.at\/?page_id=289\",\"name\":\"IT - Melli\u00b4s &amp; G\u00fcnter\u00b4s Webseite\",\"isPartOf\":{\"@id\":\"https:\/\/familie-fussek.at\/#website\"},\"datePublished\":\"2020-04-27T06:07:24+00:00\",\"dateModified\":\"2020-04-30T04:43:20+00:00\",\"description\":\"Ich gehe hier vor allem auf ECDL, Blender, WordPress, und DTP Programme ein. Meine Jahre lange Erfahrung als EDV Trainer kann Euch helfen.\",\"breadcrumb\":{\"@id\":\"https:\/\/familie-fussek.at\/?page_id=289#breadcrumb\"},\"inLanguage\":\"de\",\"potentialAction\":[{\"@type\":\"ReadAction\",\"target\":[\"https:\/\/familie-fussek.at\/?page_id=289\"]}]},{\"@type\":\"BreadcrumbList\",\"@id\":\"https:\/\/familie-fussek.at\/?page_id=289#breadcrumb\",\"itemListElement\":[{\"@type\":\"ListItem\",\"position\":1,\"name\":\"Startseite\",\"item\":\"https:\/\/familie-fussek.at\/\"},{\"@type\":\"ListItem\",\"position\":2,\"name\":\"IT\"}]},{\"@type\":\"WebSite\",\"@id\":\"https:\/\/familie-fussek.at\/#website\",\"url\":\"https:\/\/familie-fussek.at\/\",\"name\":\"Melli\u00b4s &amp; G\u00fcnter\u00b4s Webseite\",\"description\":\"\",\"potentialAction\":[{\"@type\":\"SearchAction\",\"target\":{\"@type\":\"EntryPoint\",\"urlTemplate\":\"https:\/\/familie-fussek.at\/?s={search_term_string}\"},\"query-input\":{\"@type\":\"PropertyValueSpecification\",\"valueRequired\":true,\"valueName\":\"search_term_string\"}}],\"inLanguage\":\"de\"}]}<\/script>\n<!-- \/ Yoast SEO plugin. -->","yoast_head_json":{"title":"IT - Melli\u00b4s &amp; G\u00fcnter\u00b4s Webseite","description":"Ich gehe hier vor allem auf ECDL, Blender, WordPress, und DTP Programme ein. Meine Jahre lange Erfahrung als EDV Trainer kann Euch helfen.","robots":{"index":"index","follow":"follow","max-snippet":"max-snippet:-1","max-image-preview":"max-image-preview:large","max-video-preview":"max-video-preview:-1"},"canonical":"https:\/\/familie-fussek.at\/?page_id=289","og_locale":"de_DE","og_type":"article","og_title":"IT - Melli\u00b4s &amp; G\u00fcnter\u00b4s Webseite","og_description":"Ich gehe hier vor allem auf ECDL, Blender, WordPress, und DTP Programme ein. Meine Jahre lange Erfahrung als EDV Trainer kann Euch helfen.","og_url":"https:\/\/familie-fussek.at\/?page_id=289","og_site_name":"Melli\u00b4s &amp; G\u00fcnter\u00b4s Webseite","article_publisher":"https:\/\/www.facebook.com\/FussekGuenter","article_modified_time":"2020-04-30T04:43:20+00:00","twitter_card":"summary_large_image","schema":{"@context":"https:\/\/schema.org","@graph":[{"@type":"WebPage","@id":"https:\/\/familie-fussek.at\/?page_id=289","url":"https:\/\/familie-fussek.at\/?page_id=289","name":"IT - Melli\u00b4s &amp; G\u00fcnter\u00b4s Webseite","isPartOf":{"@id":"https:\/\/familie-fussek.at\/#website"},"datePublished":"2020-04-27T06:07:24+00:00","dateModified":"2020-04-30T04:43:20+00:00","description":"Ich gehe hier vor allem auf ECDL, Blender, WordPress, und DTP Programme ein. Meine Jahre lange Erfahrung als EDV Trainer kann Euch helfen.","breadcrumb":{"@id":"https:\/\/familie-fussek.at\/?page_id=289#breadcrumb"},"inLanguage":"de","potentialAction":[{"@type":"ReadAction","target":["https:\/\/familie-fussek.at\/?page_id=289"]}]},{"@type":"BreadcrumbList","@id":"https:\/\/familie-fussek.at\/?page_id=289#breadcrumb","itemListElement":[{"@type":"ListItem","position":1,"name":"Startseite","item":"https:\/\/familie-fussek.at\/"},{"@type":"ListItem","position":2,"name":"IT"}]},{"@type":"WebSite","@id":"https:\/\/familie-fussek.at\/#website","url":"https:\/\/familie-fussek.at\/","name":"Melli\u00b4s &amp; G\u00fcnter\u00b4s Webseite","description":"","potentialAction":[{"@type":"SearchAction","target":{"@type":"EntryPoint","urlTemplate":"https:\/\/familie-fussek.at\/?s={search_term_string}"},"query-input":{"@type":"PropertyValueSpecification","valueRequired":true,"valueName":"search_term_string"}}],"inLanguage":"de"}]}},"_links":{"self":[{"href":"https:\/\/familie-fussek.at\/index.php?rest_route=\/wp\/v2\/pages\/289","targetHints":{"allow":["GET"]}}],"collection":[{"href":"https:\/\/familie-fussek.at\/index.php?rest_route=\/wp\/v2\/pages"}],"about":[{"href":"https:\/\/familie-fussek.at\/index.php?rest_route=\/wp\/v2\/types\/page"}],"author":[{"embeddable":true,"href":"https:\/\/familie-fussek.at\/index.php?rest_route=\/wp\/v2\/users\/1"}],"replies":[{"embeddable":true,"href":"https:\/\/familie-fussek.at\/index.php?rest_route=%2Fwp%2Fv2%2Fcomments&post=289"}],"version-history":[{"count":4,"href":"https:\/\/familie-fussek.at\/index.php?rest_route=\/wp\/v2\/pages\/289\/revisions"}],"predecessor-version":[{"id":318,"href":"https:\/\/familie-fussek.at\/index.php?rest_route=\/wp\/v2\/pages\/289\/revisions\/318"}],"wp:attachment":[{"href":"https:\/\/familie-fussek.at\/index.php?rest_route=%2Fwp%2Fv2%2Fmedia&parent=289"}],"curies":[{"name":"wp","href":"https:\/\/api.w.org\/{rel}","templated":true}]}}