{"id":125,"date":"2020-04-25T04:35:52","date_gmt":"2020-04-25T02:35:52","guid":{"rendered":"https:\/\/familie-fussek.at\/?page_id=125"},"modified":"2020-04-29T03:26:44","modified_gmt":"2020-04-29T01:26:44","slug":"guenter-sonstige-sportarten","status":"publish","type":"page","link":"https:\/\/familie-fussek.at\/?page_id=125","title":{"rendered":"G\u00fcnter sonstige Sportarten"},"content":{"rendered":"<p>Es gibt kaum Sportarten, welche ich nicht mag. Selbst Schach spiele ich, obwohl Schach f\u00fcr mich keine Sportart ist.<\/p>\n<p>Sportarten, welche ich betrieben habe und noch immer betreibe:<\/p>\n<p><strong>Beachvolleyball:<\/strong> Spiele ich sehr gerne, im Urlaub in der Dominikanischen Republik spielte ich es fast t\u00e4glich, ab und zu auch 2 Mal am Tag.<\/p>\n<p><strong>Bowling:<\/strong> Spiele ich im <a href=\"https:\/\/www.cumberlandbowling.at\/\">Bowlingcenter Cumberland<\/a> auch fast regelm\u00e4\u00dfig, da sind wir in einer Bowlinggruppe wobei es lief schon mal besser. Wenn es nicht so l\u00e4uft und nichts mehr geht, dann schwindet mein Interesse, aber aufgegeben habe ich es noch nicht.<\/p>\n<p><strong>Bogenschie\u00dfen:<\/strong> Lernte ich in der Reha und dies gefiel mir sehr gut, deshalb werde ich es bei Gelegenheit wieder aus\u00fcben.<\/p>\n<p><strong>Boxen:<\/strong> In meiner Jugendzeit boxte ich mich durchs Leben, trainierte es fast ein Jahr in Deutschland und Frankreich. Heute muss der Boxsack alle 14 Tage mal herhalten, ich verwende ihn zum Abreagieren.<\/p>\n<p><strong>Duathlon:<\/strong> Habe ich schon \u00f6fter trainiert. Wettkampf hatte ich noch keinen, aber auch das wird sich in Zukunft \u00e4ndern.<\/p>\n<p><strong>Eislaufen:<\/strong> In meiner Jugendzeit war ich sehr oft auf dem Eis, allerdings bin ich sicher schon 20 Jahre in keinen Eislaufschuhen mehr gestanden, ich denke allerdings, dass ich es noch kann.<\/p>\n<p><strong>Fu\u00dfball:<\/strong> Spielte ich von Kindheit bis ich 39 Jahre alt wurde im Vereinen. Zur Zeit wenn mich jemand braucht, dann spiele ich nat\u00fcrlich mit, am liebsten als Tormann. Als letztes spielte ich bei einem Turner f\u00fcr die Eishockey Caps Fans, allerdings am Feld &#8211; da war ich nicht so gut.<\/p>\n<p><strong>Handball:<\/strong> Spielte ich bis zu meinem 19. Lebensjahr im Verein (SV Schwechat). Es war eine sch\u00f6ne Zeit, vor allem weil ich bei Schwechat immer der 1er Tormann war, egal ob in der Jugend oder in der Kampfmannschaft. Als Schwechat mit Stadlau fusioniert wurde (die in der Landesliga spielten und halb Profis waren und ich neben der Arbeit keine Zeit hatte 5 mal die Woche zu trainieren) und ich an 4ter Stelle war interessierte mich auch das nicht mehr.<\/p>\n<p><strong>Inlineskaten:<\/strong> Das waren noch Zeiten wo es Wettk\u00e4mpfe gab. Zu dieser Zeit trainierte ich sehr viel an einem Wochenende, es kamen oft so um die 200 Km zusammen. Bei 4 Marathons a 42,195 Km machte ich mit und war f\u00fcr mein Alter damals nicht so schlecht. Wobei ich sagen muss, dass Salomon und das Roces Team fuhr allen anderen um die Ohren (inklusive mir).<\/p>\n<p><strong>Inline Hockey:<\/strong> Spielte ich sehr oft mit meinen Leuten aus meiner Firma, haupts\u00e4chlich gegen Kunden von mir (z.B. DHL). Ist aber auch schon l\u00e4nger her.<\/p>\n<p><strong>Karate:<\/strong> Wie in Zeiten des Boxens, an denen ich dachte, dass ich ins Ausland muss (Deutschland und Frankreich) da hatte ich mich einer Studentengruppe angeschlossen. Wir lebten vom Verkauf von Weihnachtskarten *lach* und nebenbei trainierten wir Kampfsportarten. Das Lustigste was ich erleben durfte war Folgendes: Da ich nicht so ein guter Verk\u00e4ufer war und nicht von T\u00fcr zu T\u00fcr gehen wollte habe ich mir haupts\u00e4chlich Bars und Lokale ausgesucht, wo es viele Matrosen als G\u00e4ste gab. Eines Tages ging ich auch in so eine Hafenkneipe (im Lokal nur betrunkene Matrosen). Da ich ja kein Wort franz\u00f6sisch konnte hatte ich einen Zettel, auf welchem stand, dass ich mir mein Studium mit dem Verkauf dieser Weihnachtskarten finanziere. Ich zeigte diese Karte den gr\u00f6\u00dften Matrosen *lool* und er las den Zettel und sage, dass er kein franz\u00f6sisch k\u00f6nne. Er sei ein Deutscher und nahm mir die Weihnachtskarten aus der Hand (es waren so um die 100 Karten). Anschlie\u00dfend zerriss er sie in 100 St\u00fccke. Ich dachte mir, dass es jetzt hart werden w\u00fcrde und dass ich jetzt sicher verliere, was sollte ich nun machen&#8230; wobei ich nicht mal zum Nachdenken kam. Er nahm seine Matrosenm\u00fctze und fing an Geld zu sammeln. Im Nachhinein nachgez\u00e4hlt hatten sie das f\u00fcnffache f\u00fcr die Karten bezahlt, allerdings war eine Bedingung daf\u00fcr erforderlich: Ich musste dortbleiben und mit ihnen saufen (die Worte des Matrosen). N\u00e4chsten Tag mussten sie p\u00fcnktlich um 9:00 Uhr an Board sein, also sauften wir bis 8:00 Uhr und ich durfte nichts bezahlen. Daf\u00fcr hatte ich drei Tage Kopfweh \ud83d\ude09.<\/p>\n<p>Ich wei\u00df es geh\u00f6rt nicht zum Sport, aber wenn ich an die Studentengruppe denke f\u00e4llt mir das immer ein.<\/p>\n<p><strong>Krafttraining:<\/strong> Es gab einige Zeit wo ich fast t\u00e4glich im Fitnessstudio war. Allerdings machte ich vor allem im Sommer immer wieder Pausen und zahlte auch ein Jahr umsonst da ich zu faul war. Ende J\u00e4nner 2020 fing ich wieder an regelm\u00e4\u00dfig 4 Mal die Woche je 2 bis 3 Stunden in das FitInn zu gehen. Leider wurden die Studios mit 13ten M\u00e4rz 2020 wegen Covid-19 geschlossen, aber in k\u00fcrze sperren sie wieder auf und ich werde das 4-mal w\u00f6chentlich beibehalten.<\/p>\n<p><strong>Kegeln:<\/strong> Diesen Sport betrieb ich in haupts\u00e4chlich in meiner Jugendzeit. Das letzte Mal war ich 2015 bei einer Firmenweihnachtsfeier. Bowling ist mir lieber und es gibt auch mehr Bowlinghallen als Kegelbahnen in Wien.<\/p>\n<p><strong>Laufen:<\/strong> Betreibe ich immer noch, k\u00f6nnt ihr unter <a href=\"https:\/\/familie-fussek.at\/?page_id=120\">Laufen<\/a> nachsehen.<\/p>\n<p><strong>Leichtathletik:<\/strong> Machte ich in der Schule sehr gerne. Jetzt gibt es in meinem Alter nicht wirklich was, au\u00dfer Laufen.<\/p>\n<p><strong>Nordic Walking:<\/strong> Das machte ich 3 Mal (ist nicht so meines), wobei wenn ich sehr alt werde kann es sein, dass mit 90 Jahren ich es zu meiner Hauptsportart mache.<\/p>\n<p><strong>Radfahren:<\/strong> Betreibe ich immer noch, k\u00f6nnt ihr unter <a href=\"https:\/\/familie-fussek.at\/?page_id=123\">Radfahren<\/a> nachsehen.<\/p>\n<p><strong>Schwimmen:<\/strong> Freizeitm\u00e4\u00dfig, wenn mir warm ist und ab und zu einige Trainingseinheiten f\u00fcr Triathlon.<\/p>\n<p><strong>Street Football:<\/strong> Spielte ich sehr viel als ich noch die Firma hatte, unter den Teamnamen ghf-express spielten wir bei einigen Turnieren mit.<\/p>\n<p><strong>Taekwondo:<\/strong> Jugendzeit mit Studentengruppe und danach aus B\u00fcchern, es reicht um mich verteidigen zu k\u00f6nnen.<\/p>\n<p><strong>Triathlon:<\/strong> Wir hatten voriges Jahr unseren ersten Sprint-Triathlon in Sch\u00f6nberg. Nach dem Schwimmen war ich schon total erledigt und dann beim Radfahren ist es gleich einmal \u00fcber eine l\u00e4ngere Strecke Bergauf gegangen, wobei Radfahren bei Triathlon meine st\u00e4rkste Disziplin. Danach kommt Laufen und schlie\u00dflich Schwimmen an letzter Stelle. Da kommt es mir aber auch nicht auf die Zeiten drauf an, sondern der olympische Gedanke \u201eDabei sein ist Alles\u201c. Es hat Spa\u00df gemacht und es werden noch weitere folgen.<\/p>\n<p><strong>Turmspringen:<\/strong> Heute gibt es kaum B\u00e4der mit einem Sprungtur<img loading=\"lazy\" decoding=\"async\" class=\"alignright wp-image-420\" src=\"https:\/\/familie-fussek.at\/wp-content\/uploads\/2020\/04\/KL_-G\u00fcnter-FussekTurmspringen_Schwechaterbad_Juli_1981.jpg\" alt=\"\" width=\"190\" height=\"273\">m, wenn ich aber in einem Bade bin wo es einen Turm gibt dann bin ich auch gleich oben und springe. Auch wenn es Br\u00fccken gibt, die halbwegs sicher sind (ist leider Verboten aber ab und zu mache ich es dennoch). Die Wiener Reichsbr\u00fccke bin ich bestimmt schon 50 Mal runter gesprungen. Klippenspringen hat sich einmal ergeben. Das war in Spanien mit 25 Metern H\u00f6he. Ob ich mich das noch traue wenn es Gelegenheit dazu gibt? Ich denke, dass ich es machen muss \ud83d\ude0a. Mein Moto \u201eNo risk, no fun\u201c.<\/p>\n<p><strong>Wandern:<\/strong> Ich wanderte auch schon fr\u00fcher und war einmal Ehrenmitglied beim Wanderverein Schnecke. Das war in den Jahren 1992 bis 1997. Im Jahre 2017 brachten mich eine Arbeitskollegin Hanni und ihr Mann Rene wieder zum Wandern. Bis zum Jahr 2019 waren wir \u00f6fter mit Freunden an verschiedenen Wanderstrecken unterwegs und so sind wir zum Mammutmarsch gekommen, wo wir jetzt darauf hintrainieren. Auch da haben wir uns einer Gruppe angeschlossen. Wir waren allerdings nicht zufrieden, da es immer ein bis zwei Leute gegeben hat die Laufen mussten und so trainieren wir mit unserem Tempo so ca. 5 bis 6 Km\/h. Unsere Trainings belaufen sich zwischen 15 und 50 Km. Leider wu<img loading=\"lazy\" decoding=\"async\" class=\"size-medium wp-image-419 alignleft\" src=\"https:\/\/familie-fussek.at\/wp-content\/uploads\/2020\/04\/Kl_G\u00fcnter-Fussek_Yoga_Dom_Rep-193x300.jpg\" alt=\"\" width=\"193\" height=\"300\" srcset=\"https:\/\/familie-fussek.at\/wp-content\/uploads\/2020\/04\/Kl_G\u00fcnter-Fussek_Yoga_Dom_Rep-193x300.jpg 193w, https:\/\/familie-fussek.at\/wp-content\/uploads\/2020\/04\/Kl_G\u00fcnter-Fussek_Yoga_Dom_Rep.jpg 200w\" sizes=\"auto, (max-width: 193px) 100vw, 193px\" \/>rde auch der Marsch wegen Covid-19 erstmals auf September verschoben (hoffen, dass es dabei bleibt), denn dieser h\u00e4tte eigentlich voriges Wochenende (25.04.2020) stattfinden sollen. Wir werden versuchen, die 100 km in 24 Stunden zur\u00fcck zulegen. Ergebnis kommt noch.<\/p>\n<p><strong>Yoga:<\/strong> Auch das mache ich ab und zu, vor allem im Urlaub \u00fcbte ich dies mehr als zu Hause aus, da ich hier lieber mit dem Rad fahre oder ins Fitnessstudio gehe etc.<\/p>\n","protected":false},"excerpt":{"rendered":"<p>Es gibt kaum Sportarten, welche ich nicht mag. Selbst Schach spiele ich, obwohl Schach f\u00fcr mich keine Sportart ist. Sportarten, welche ich betrieben habe und noch immer betreibe: Beachvolleyball: Spiele ich sehr gerne, im Urlaub in der Dominikanischen Republik spielte ich es fast t\u00e4glich, ab und zu auch 2 Mal am Tag. Bowling: Spiele ich &hellip; <\/p>\n<p class=\"link-more\"><a href=\"https:\/\/familie-fussek.at\/?page_id=125\" class=\"more-link\"><span class=\"screen-reader-text\">\u201eG\u00fcnter sonstige Sportarten\u201c<\/span> weiterlesen<\/a><\/p>\n","protected":false},"author":1,"featured_media":418,"parent":0,"menu_order":0,"comment_status":"closed","ping_status":"closed","template":"","meta":{"ngg_post_thumbnail":0,"footnotes":""},"class_list":["post-125","page","type-page","status-publish","has-post-thumbnail","hentry"],"yoast_head":"<!-- This site is optimized with the Yoast SEO plugin v25.1 - https:\/\/yoast.com\/wordpress\/plugins\/seo\/ -->\n<title>G\u00fcnter sonstige Sportarten - Melli\u00b4s &amp; G\u00fcnter\u00b4s Webseite<\/title>\n<meta name=\"robots\" content=\"index, follow, max-snippet:-1, max-image-preview:large, max-video-preview:-1\" \/>\n<link rel=\"canonical\" href=\"https:\/\/familie-fussek.at\/?page_id=125\" \/>\n<meta property=\"og:locale\" content=\"de_DE\" \/>\n<meta property=\"og:type\" content=\"article\" \/>\n<meta property=\"og:title\" content=\"G\u00fcnter sonstige Sportarten - Melli\u00b4s &amp; G\u00fcnter\u00b4s Webseite\" \/>\n<meta property=\"og:description\" content=\"Es gibt kaum Sportarten, welche ich nicht mag. Selbst Schach spiele ich, obwohl Schach f\u00fcr mich keine Sportart ist. Sportarten, welche ich betrieben habe und noch immer betreibe: Beachvolleyball: Spiele ich sehr gerne, im Urlaub in der Dominikanischen Republik spielte ich es fast t\u00e4glich, ab und zu auch 2 Mal am Tag. Bowling: Spiele ich &hellip; \u201eG\u00fcnter sonstige Sportarten\u201c weiterlesen\" \/>\n<meta property=\"og:url\" content=\"https:\/\/familie-fussek.at\/?page_id=125\" \/>\n<meta property=\"og:site_name\" content=\"Melli\u00b4s &amp; G\u00fcnter\u00b4s Webseite\" \/>\n<meta property=\"article:publisher\" content=\"https:\/\/www.facebook.com\/FussekGuenter\" \/>\n<meta property=\"article:modified_time\" content=\"2020-04-29T01:26:44+00:00\" \/>\n<meta property=\"og:image\" content=\"https:\/\/familie-fussek.at\/wp-content\/uploads\/2020\/04\/Beitragsbild_G\u00fcnter-Fussek-Sport-andere-.jpg\" \/>\n\t<meta property=\"og:image:width\" content=\"1980\" \/>\n\t<meta property=\"og:image:height\" content=\"1400\" \/>\n\t<meta property=\"og:image:type\" content=\"image\/jpeg\" \/>\n<meta name=\"twitter:card\" content=\"summary_large_image\" \/>\n<meta name=\"twitter:label1\" content=\"Gesch\u00e4tzte Lesezeit\" \/>\n\t<meta name=\"twitter:data1\" content=\"7\u00a0Minuten\" \/>\n<script type=\"application\/ld+json\" class=\"yoast-schema-graph\">{\"@context\":\"https:\/\/schema.org\",\"@graph\":[{\"@type\":\"WebPage\",\"@id\":\"https:\/\/familie-fussek.at\/?page_id=125\",\"url\":\"https:\/\/familie-fussek.at\/?page_id=125\",\"name\":\"G\u00fcnter sonstige Sportarten - Melli\u00b4s &amp; G\u00fcnter\u00b4s Webseite\",\"isPartOf\":{\"@id\":\"https:\/\/familie-fussek.at\/#website\"},\"primaryImageOfPage\":{\"@id\":\"https:\/\/familie-fussek.at\/?page_id=125#primaryimage\"},\"image\":{\"@id\":\"https:\/\/familie-fussek.at\/?page_id=125#primaryimage\"},\"thumbnailUrl\":\"https:\/\/familie-fussek.at\/wp-content\/uploads\/2020\/04\/Beitragsbild_G\u00fcnter-Fussek-Sport-andere-.jpg\",\"datePublished\":\"2020-04-25T02:35:52+00:00\",\"dateModified\":\"2020-04-29T01:26:44+00:00\",\"breadcrumb\":{\"@id\":\"https:\/\/familie-fussek.at\/?page_id=125#breadcrumb\"},\"inLanguage\":\"de\",\"potentialAction\":[{\"@type\":\"ReadAction\",\"target\":[\"https:\/\/familie-fussek.at\/?page_id=125\"]}]},{\"@type\":\"ImageObject\",\"inLanguage\":\"de\",\"@id\":\"https:\/\/familie-fussek.at\/?page_id=125#primaryimage\",\"url\":\"https:\/\/familie-fussek.at\/wp-content\/uploads\/2020\/04\/Beitragsbild_G\u00fcnter-Fussek-Sport-andere-.jpg\",\"contentUrl\":\"https:\/\/familie-fussek.at\/wp-content\/uploads\/2020\/04\/Beitragsbild_G\u00fcnter-Fussek-Sport-andere-.jpg\",\"width\":1980,\"height\":1400},{\"@type\":\"BreadcrumbList\",\"@id\":\"https:\/\/familie-fussek.at\/?page_id=125#breadcrumb\",\"itemListElement\":[{\"@type\":\"ListItem\",\"position\":1,\"name\":\"Startseite\",\"item\":\"https:\/\/familie-fussek.at\/\"},{\"@type\":\"ListItem\",\"position\":2,\"name\":\"G\u00fcnter sonstige Sportarten\"}]},{\"@type\":\"WebSite\",\"@id\":\"https:\/\/familie-fussek.at\/#website\",\"url\":\"https:\/\/familie-fussek.at\/\",\"name\":\"Melli\u00b4s &amp; G\u00fcnter\u00b4s Webseite\",\"description\":\"\",\"potentialAction\":[{\"@type\":\"SearchAction\",\"target\":{\"@type\":\"EntryPoint\",\"urlTemplate\":\"https:\/\/familie-fussek.at\/?s={search_term_string}\"},\"query-input\":{\"@type\":\"PropertyValueSpecification\",\"valueRequired\":true,\"valueName\":\"search_term_string\"}}],\"inLanguage\":\"de\"}]}<\/script>\n<!-- \/ Yoast SEO plugin. -->","yoast_head_json":{"title":"G\u00fcnter sonstige Sportarten - Melli\u00b4s &amp; G\u00fcnter\u00b4s Webseite","robots":{"index":"index","follow":"follow","max-snippet":"max-snippet:-1","max-image-preview":"max-image-preview:large","max-video-preview":"max-video-preview:-1"},"canonical":"https:\/\/familie-fussek.at\/?page_id=125","og_locale":"de_DE","og_type":"article","og_title":"G\u00fcnter sonstige Sportarten - Melli\u00b4s &amp; G\u00fcnter\u00b4s Webseite","og_description":"Es gibt kaum Sportarten, welche ich nicht mag. Selbst Schach spiele ich, obwohl Schach f\u00fcr mich keine Sportart ist. Sportarten, welche ich betrieben habe und noch immer betreibe: Beachvolleyball: Spiele ich sehr gerne, im Urlaub in der Dominikanischen Republik spielte ich es fast t\u00e4glich, ab und zu auch 2 Mal am Tag. Bowling: Spiele ich &hellip; \u201eG\u00fcnter sonstige Sportarten\u201c weiterlesen","og_url":"https:\/\/familie-fussek.at\/?page_id=125","og_site_name":"Melli\u00b4s &amp; G\u00fcnter\u00b4s Webseite","article_publisher":"https:\/\/www.facebook.com\/FussekGuenter","article_modified_time":"2020-04-29T01:26:44+00:00","og_image":[{"width":1980,"height":1400,"url":"https:\/\/familie-fussek.at\/wp-content\/uploads\/2020\/04\/Beitragsbild_G\u00fcnter-Fussek-Sport-andere-.jpg","type":"image\/jpeg"}],"twitter_card":"summary_large_image","twitter_misc":{"Gesch\u00e4tzte Lesezeit":"7\u00a0Minuten"},"schema":{"@context":"https:\/\/schema.org","@graph":[{"@type":"WebPage","@id":"https:\/\/familie-fussek.at\/?page_id=125","url":"https:\/\/familie-fussek.at\/?page_id=125","name":"G\u00fcnter sonstige Sportarten - Melli\u00b4s &amp; G\u00fcnter\u00b4s Webseite","isPartOf":{"@id":"https:\/\/familie-fussek.at\/#website"},"primaryImageOfPage":{"@id":"https:\/\/familie-fussek.at\/?page_id=125#primaryimage"},"image":{"@id":"https:\/\/familie-fussek.at\/?page_id=125#primaryimage"},"thumbnailUrl":"https:\/\/familie-fussek.at\/wp-content\/uploads\/2020\/04\/Beitragsbild_G\u00fcnter-Fussek-Sport-andere-.jpg","datePublished":"2020-04-25T02:35:52+00:00","dateModified":"2020-04-29T01:26:44+00:00","breadcrumb":{"@id":"https:\/\/familie-fussek.at\/?page_id=125#breadcrumb"},"inLanguage":"de","potentialAction":[{"@type":"ReadAction","target":["https:\/\/familie-fussek.at\/?page_id=125"]}]},{"@type":"ImageObject","inLanguage":"de","@id":"https:\/\/familie-fussek.at\/?page_id=125#primaryimage","url":"https:\/\/familie-fussek.at\/wp-content\/uploads\/2020\/04\/Beitragsbild_G\u00fcnter-Fussek-Sport-andere-.jpg","contentUrl":"https:\/\/familie-fussek.at\/wp-content\/uploads\/2020\/04\/Beitragsbild_G\u00fcnter-Fussek-Sport-andere-.jpg","width":1980,"height":1400},{"@type":"BreadcrumbList","@id":"https:\/\/familie-fussek.at\/?page_id=125#breadcrumb","itemListElement":[{"@type":"ListItem","position":1,"name":"Startseite","item":"https:\/\/familie-fussek.at\/"},{"@type":"ListItem","position":2,"name":"G\u00fcnter sonstige Sportarten"}]},{"@type":"WebSite","@id":"https:\/\/familie-fussek.at\/#website","url":"https:\/\/familie-fussek.at\/","name":"Melli\u00b4s &amp; G\u00fcnter\u00b4s Webseite","description":"","potentialAction":[{"@type":"SearchAction","target":{"@type":"EntryPoint","urlTemplate":"https:\/\/familie-fussek.at\/?s={search_term_string}"},"query-input":{"@type":"PropertyValueSpecification","valueRequired":true,"valueName":"search_term_string"}}],"inLanguage":"de"}]}},"_links":{"self":[{"href":"https:\/\/familie-fussek.at\/index.php?rest_route=\/wp\/v2\/pages\/125","targetHints":{"allow":["GET"]}}],"collection":[{"href":"https:\/\/familie-fussek.at\/index.php?rest_route=\/wp\/v2\/pages"}],"about":[{"href":"https:\/\/familie-fussek.at\/index.php?rest_route=\/wp\/v2\/types\/page"}],"author":[{"embeddable":true,"href":"https:\/\/familie-fussek.at\/index.php?rest_route=\/wp\/v2\/users\/1"}],"replies":[{"embeddable":true,"href":"https:\/\/familie-fussek.at\/index.php?rest_route=%2Fwp%2Fv2%2Fcomments&post=125"}],"version-history":[{"count":4,"href":"https:\/\/familie-fussek.at\/index.php?rest_route=\/wp\/v2\/pages\/125\/revisions"}],"predecessor-version":[{"id":421,"href":"https:\/\/familie-fussek.at\/index.php?rest_route=\/wp\/v2\/pages\/125\/revisions\/421"}],"wp:featuredmedia":[{"embeddable":true,"href":"https:\/\/familie-fussek.at\/index.php?rest_route=\/wp\/v2\/media\/418"}],"wp:attachment":[{"href":"https:\/\/familie-fussek.at\/index.php?rest_route=%2Fwp%2Fv2%2Fmedia&parent=125"}],"curies":[{"name":"wp","href":"https:\/\/api.w.org\/{rel}","templated":true}]}}