{"id":123,"date":"2020-04-25T04:35:01","date_gmt":"2020-04-25T02:35:01","guid":{"rendered":"https:\/\/familie-fussek.at\/?page_id=123"},"modified":"2020-04-29T11:16:59","modified_gmt":"2020-04-29T09:16:59","slug":"guenter-radfahren","status":"publish","type":"page","link":"https:\/\/familie-fussek.at\/?page_id=123","title":{"rendered":"G\u00fcnter Radfahren"},"content":{"rendered":"<p>Radfahren konnte ich bereits mit 4 Jahren. Mein erstes Rad war das von meinem Bruder, so wie auch das erste Moped. Ich denke \u00f6fter an alte Zeiten zur\u00fcck, damals bin ich von Schwechat nach Fischamend mit dem Rad gefahren. Das waren ganze 10 km. Damals war es eine Herausforderung und wenn ich jetzt irgendwo unterwegs bin, rechne ich alles in dieser Strecke um (100 km ist 10 Mal Schwechat nach Fischamend). Jedoch war Radfahren in dieser Zeit nicht eine Leidenschaft von mir.<br \/>\nDas Fahrrad war ein Fortbewegungsmittel f\u00fcr mich, es brachte mich von A nach B.<\/p>\n<p><strong>Rennradfahren:<\/strong><\/p>\n<p style=\"text-align: left;\">Diese Leidenschaft begann als ich mit meinem Sohn (er trainierte f\u00fcr den Ironman) laufen war. Er sagte wir k\u00f6nnen auch einmal Radfahren gehen. Ohne zu \u00fcberlegen kaufte ich mir ein Mountainbike. Nun war es soweit \u2013 er fuhr mit dem Rennrad und ich mit dem Mountainbike, nat\u00fcrlich tat ich mir da schon etwas schwerer als er. Die Strecke Wien &#8211; Tulln war richtig schwer zu bew\u00e4ltigen, deshalb beschloss ich mir ein Rennrad zu kaufen.<br \/>\n<img loading=\"lazy\" decoding=\"async\" class=\" wp-image-431 alignleft\" src=\"https:\/\/familie-fussek.at\/wp-content\/uploads\/2020\/04\/Trek.jpg\" alt=\"\" width=\"310\" height=\"211\">So geschah es, dass ich bei \u201eWillhaben\u201c nach einem Rennrad Ausschau hielt und nach mehreren Testfahrten (einige R\u00e4der, welche ich mir ansah durften nicht mehr auf die Stra\u00dfe) kaufte ich mir um 600,- \u20ac ein Treck-Carbonrennrad, was mir dann aber nach einiger Zeit vom Aussehen her nicht mehr wirklich gefallen hat. Ich sparte mir ein Geld <img loading=\"lazy\" decoding=\"async\" class=\"alignright size-full wp-image-432\" src=\"https:\/\/familie-fussek.at\/wp-content\/uploads\/2020\/04\/Kl_cube_rot.jpg\" alt=\"\" width=\"300\" height=\"200\">zusammen und kaufte mir mein erstes Cube-Carbonrennrad. Alles was ich an diesem Rad montierte, musste nat\u00fcrlich auch Carbon sein (einschlie\u00dflich der Flaschenhalterungen). Nach 2 Jahren Sparen kaufte ich mir dann das n\u00e4chste Cube-Carbonrennrad <img loading=\"lazy\" decoding=\"async\" class=\"size-full wp-image-433 alignleft\" src=\"https:\/\/familie-fussek.at\/wp-content\/uploads\/2020\/04\/KL_Cube_blue.jpg\" alt=\"\" width=\"263\" height=\"200\">in der Farbe Blau. Dieses war nun noch leichter, allerdings auch noch teurer.<\/p>\n<p><strong>Rennrad-Technik:<\/strong><\/p>\n<p>Bei der Schaltung habe ich nie einen Abstrich gemacht. Es musste immer eine Shimano Ultegra sein, beim Bremssystem nat\u00fcrlich dasselbe. Bei den Pedalen gab es auch nichts anderes als SPD-SL Pedal. Was Schuhe betrifft, bin ich immer noch SIDI Fan. Nat\u00fcrlich darf auch ein Radcomputer nicht fehlen und da gab es nur ein System, welches f\u00fcr mich in Frage kam (dasselbe gilt auch bei der Sportuhr) und zwar Garmin. Mein Erster Radcomputer war ein Edge 1000. Zeit besitze ich einen Edge 1030. Zubeh\u00f6r f\u00fcr Aufzeichnungen sind f\u00fcr extrem wichtig, wie z.B.: Garmin Premium Herzfrequenz-Brustgurt HRM, Garmin Geschwindigkeits- und Trittfrequenzsensor.<\/p>\n<p>Das war nun die Vorstellung meines Rennrades.<\/p>\n<p>Nun komme ich zu meinen Ausfahrten, Trainings und Wettk\u00e4mpfen.<br \/>\nMeine ersten Trainings begannen im M\u00e4rz 2015. In diesem Jahr hatte ich 7.407 km auf dem Rad zur\u00fcckgelegt.<br \/>\n2016 fuhr ich 6.069 km. In diesem Jahr verkaufte ich auch mein Auto, da ich 500 km damit fuhr und ich mir dachte, dass sich dies nicht lohne. Es muss nicht sein, dass ich 220,- \u20ac pro Monat Steuer und Versicherung zahle, obwohl ich in der niedrigsten Versicherungsstufe war. 2017 waren es 3.397 km, 2018 waren es 2.522 km und 2019 bin ich 1.896 km gefahren. Zusammen waren es 21.291 km. Es wurde weniger wie ihr sehen k\u00f6nnt. Dies durch meine neue Liebe. Wir verbringen auch gerne Zeit beim Sonnen, Schwimmen und anderen Gemeinsamkeiten.<br \/>\nWobei ich auch mehr Lauftrainings gemacht habe und Wandern noch dazu kam.<\/p>\n<p><strong>Mountainbiken:<\/strong><\/p>\n<p>Zum Radfahren geh\u00f6rt auch Mountainbiken. Dieses Jahr m\u00f6chte ich gerne noch Downhill-fahren. Da mein Schatz im Jahr 2018 wegen einer Operation (Zwerchfellbruch) nicht am j\u00e4hrlichen Silvester-Lauf teilnehmen konnte und ich nicht alleine Laufen wollte, fuhr ich mit dem Polizeisportverein eine Silvester Mountainbike-Tour quer durch den Wiener-Dschungel der Lobau.<\/p>\n<p>Es war ein sch\u00f6nes Erlebnis die Natur so zu erleben, was ich nicht missen m\u00f6chte. Es war zwar bitter kalt, aber es hat total viel Spa\u00df gemacht, sodass ich in diesem Jahr jetzt auch ca. 1.000 km auf diesem Bike zur\u00fcck lege.<\/p>\n<p><strong>Mein Mountainbike:<\/strong><br \/>\n<img loading=\"lazy\" decoding=\"async\" class=\"alignright size-medium wp-image-434\" src=\"https:\/\/familie-fussek.at\/wp-content\/uploads\/2020\/04\/KL_KTM_G\u00fcnter-Fussek-300x169.jpg\" alt=\"\" width=\"300\" height=\"169\" srcset=\"https:\/\/familie-fussek.at\/wp-content\/uploads\/2020\/04\/KL_KTM_G\u00fcnter-Fussek-300x169.jpg 300w, https:\/\/familie-fussek.at\/wp-content\/uploads\/2020\/04\/KL_KTM_G\u00fcnter-Fussek.jpg 356w\" sizes=\"auto, (max-width: 300px) 100vw, 300px\" \/>Marke: KTM, Schaltung: Shimano XT, Scheibenbremssystem.<br \/>\nTechnik: Brustgurt HRM, Garmin Geschwindigkeits- und Trittfrequenzsensor, Garmin Fenix 5 oder Garmin Edge 1030 (diesen verwende ich als Zeitnehmer) und ROCKBROS Fahrrad Pedalen 9\/16 Zoll CNC Aluminium Alu mit abgedichtetem Lager F\u00fcr Mountainbike.<br \/>\nDieses Fahrrad d\u00fcrfen auch andere fahren (das Rennrad testete nur Mein Schatz und das 500 Meter sonst fahre damit nur ich). Ich verwendete es f\u00fcr Personaltrainings mit einer sehr Frau, welche dann 30 kg abnahm. Leider wollte der neue Lebensgef\u00e4hrte dieser Frau sie nicht schlank haben, sodass Sie die Kilos bald wieder oben hatte. Einen Ex-Arbeitskollegen trainierte ich auch mit diesem Rad, wobei ich diesem \u00fcberhaupt nicht motivieren konnte. Alle 500 Meter brauchte er eine Zigarette. Nach 1 km tat ihm der Hintern weh und nach 5 km pro Stunde, auf welche wir in 3 Trainingseinheiten kamen, hatte er so argen Muskelkater, dass er alle weiteren Trainings absagte. Ich bin selbst Raucher. Aber nur mit dem Rauchen und Bier trinken wird keine\/r abnehmen. Ich sagte mir bei beiden, dass es vergebene M\u00fche war, allerdings war ich mehr mit Herz dabei als die zwei. Wobei die Frau am Anfang echt toll war.<\/p>\n<p>In K\u00fcrze werden hier meine Trainings und Wettk\u00e4mpfe zu lesen sein. Ihr k\u00f6nnt aber auch da gerne in Garmin Connect reinsehen.<\/p>\n<p>Da Anfragen bez\u00fcglich Garmin Connect kamen, hier die Antwort:<\/p>\n<p>Garmin Connect ist eine Plattform f\u00fcr Leute die ihre sportlichen Leistungen aufzeichnen wollen.<br \/>\nIhr braucht nur die Webseite https:\/\/connect.garmin.com aufrufen euch dort registrieren und dann z.B. mir (G\u00fcnter Fussek) eine Freundschaftsanfrage senden. Es w\u00e4re nat\u00fcrlich auch ein Vorteil wenn ihr selbst aufzeichnen wollt und sei es nur die t\u00e4glichen Schritte mit einer Garminuhr oder ihr kauft euch einen Garmin-Computer. Zum Ansehen von Daten von Anderen ist dies aber nicht erforderlich.<\/p>\n","protected":false},"excerpt":{"rendered":"<p>Radfahren konnte ich bereits mit 4 Jahren. Mein erstes Rad war das von meinem Bruder, so wie auch das erste Moped. Ich denke \u00f6fter an alte Zeiten zur\u00fcck, damals bin ich von Schwechat nach Fischamend mit dem Rad gefahren. Das waren ganze 10 km. Damals war es eine Herausforderung und wenn ich jetzt irgendwo unterwegs &hellip; <\/p>\n<p class=\"link-more\"><a href=\"https:\/\/familie-fussek.at\/?page_id=123\" class=\"more-link\"><span class=\"screen-reader-text\">\u201eG\u00fcnter Radfahren\u201c<\/span> weiterlesen<\/a><\/p>\n","protected":false},"author":1,"featured_media":436,"parent":0,"menu_order":0,"comment_status":"closed","ping_status":"closed","template":"","meta":{"ngg_post_thumbnail":0,"footnotes":""},"class_list":["post-123","page","type-page","status-publish","has-post-thumbnail","hentry"],"yoast_head":"<!-- This site is optimized with the Yoast SEO plugin v25.1 - https:\/\/yoast.com\/wordpress\/plugins\/seo\/ -->\n<title>G\u00fcnter Radfahren - Melli\u00b4s &amp; G\u00fcnter\u00b4s Webseite<\/title>\n<meta name=\"robots\" content=\"index, follow, max-snippet:-1, max-image-preview:large, max-video-preview:-1\" \/>\n<link rel=\"canonical\" href=\"https:\/\/familie-fussek.at\/?page_id=123\" \/>\n<meta property=\"og:locale\" content=\"de_DE\" \/>\n<meta property=\"og:type\" content=\"article\" \/>\n<meta property=\"og:title\" content=\"G\u00fcnter Radfahren - Melli\u00b4s &amp; G\u00fcnter\u00b4s Webseite\" \/>\n<meta property=\"og:description\" content=\"Radfahren konnte ich bereits mit 4 Jahren. Mein erstes Rad war das von meinem Bruder, so wie auch das erste Moped. Ich denke \u00f6fter an alte Zeiten zur\u00fcck, damals bin ich von Schwechat nach Fischamend mit dem Rad gefahren. Das waren ganze 10 km. Damals war es eine Herausforderung und wenn ich jetzt irgendwo unterwegs &hellip; \u201eG\u00fcnter Radfahren\u201c weiterlesen\" \/>\n<meta property=\"og:url\" content=\"https:\/\/familie-fussek.at\/?page_id=123\" \/>\n<meta property=\"og:site_name\" content=\"Melli\u00b4s &amp; G\u00fcnter\u00b4s Webseite\" \/>\n<meta property=\"article:publisher\" content=\"https:\/\/www.facebook.com\/FussekGuenter\" \/>\n<meta property=\"article:modified_time\" content=\"2020-04-29T09:16:59+00:00\" \/>\n<meta property=\"og:image\" content=\"https:\/\/familie-fussek.at\/wp-content\/uploads\/2020\/04\/Beitragsbild_G\u00fcnter-Fussek_Radfahren.jpg\" \/>\n\t<meta property=\"og:image:width\" content=\"1905\" \/>\n\t<meta property=\"og:image:height\" content=\"965\" \/>\n\t<meta property=\"og:image:type\" content=\"image\/jpeg\" \/>\n<meta name=\"twitter:card\" content=\"summary_large_image\" \/>\n<meta name=\"twitter:label1\" content=\"Gesch\u00e4tzte Lesezeit\" \/>\n\t<meta name=\"twitter:data1\" content=\"5\u00a0Minuten\" \/>\n<script type=\"application\/ld+json\" class=\"yoast-schema-graph\">{\"@context\":\"https:\/\/schema.org\",\"@graph\":[{\"@type\":\"WebPage\",\"@id\":\"https:\/\/familie-fussek.at\/?page_id=123\",\"url\":\"https:\/\/familie-fussek.at\/?page_id=123\",\"name\":\"G\u00fcnter Radfahren - Melli\u00b4s &amp; G\u00fcnter\u00b4s Webseite\",\"isPartOf\":{\"@id\":\"https:\/\/familie-fussek.at\/#website\"},\"primaryImageOfPage\":{\"@id\":\"https:\/\/familie-fussek.at\/?page_id=123#primaryimage\"},\"image\":{\"@id\":\"https:\/\/familie-fussek.at\/?page_id=123#primaryimage\"},\"thumbnailUrl\":\"https:\/\/familie-fussek.at\/wp-content\/uploads\/2020\/04\/Beitragsbild_G\u00fcnter-Fussek_Radfahren.jpg\",\"datePublished\":\"2020-04-25T02:35:01+00:00\",\"dateModified\":\"2020-04-29T09:16:59+00:00\",\"breadcrumb\":{\"@id\":\"https:\/\/familie-fussek.at\/?page_id=123#breadcrumb\"},\"inLanguage\":\"de\",\"potentialAction\":[{\"@type\":\"ReadAction\",\"target\":[\"https:\/\/familie-fussek.at\/?page_id=123\"]}]},{\"@type\":\"ImageObject\",\"inLanguage\":\"de\",\"@id\":\"https:\/\/familie-fussek.at\/?page_id=123#primaryimage\",\"url\":\"https:\/\/familie-fussek.at\/wp-content\/uploads\/2020\/04\/Beitragsbild_G\u00fcnter-Fussek_Radfahren.jpg\",\"contentUrl\":\"https:\/\/familie-fussek.at\/wp-content\/uploads\/2020\/04\/Beitragsbild_G\u00fcnter-Fussek_Radfahren.jpg\",\"width\":1905,\"height\":965},{\"@type\":\"BreadcrumbList\",\"@id\":\"https:\/\/familie-fussek.at\/?page_id=123#breadcrumb\",\"itemListElement\":[{\"@type\":\"ListItem\",\"position\":1,\"name\":\"Startseite\",\"item\":\"https:\/\/familie-fussek.at\/\"},{\"@type\":\"ListItem\",\"position\":2,\"name\":\"G\u00fcnter Radfahren\"}]},{\"@type\":\"WebSite\",\"@id\":\"https:\/\/familie-fussek.at\/#website\",\"url\":\"https:\/\/familie-fussek.at\/\",\"name\":\"Melli\u00b4s &amp; G\u00fcnter\u00b4s Webseite\",\"description\":\"\",\"potentialAction\":[{\"@type\":\"SearchAction\",\"target\":{\"@type\":\"EntryPoint\",\"urlTemplate\":\"https:\/\/familie-fussek.at\/?s={search_term_string}\"},\"query-input\":{\"@type\":\"PropertyValueSpecification\",\"valueRequired\":true,\"valueName\":\"search_term_string\"}}],\"inLanguage\":\"de\"}]}<\/script>\n<!-- \/ Yoast SEO plugin. -->","yoast_head_json":{"title":"G\u00fcnter Radfahren - Melli\u00b4s &amp; G\u00fcnter\u00b4s Webseite","robots":{"index":"index","follow":"follow","max-snippet":"max-snippet:-1","max-image-preview":"max-image-preview:large","max-video-preview":"max-video-preview:-1"},"canonical":"https:\/\/familie-fussek.at\/?page_id=123","og_locale":"de_DE","og_type":"article","og_title":"G\u00fcnter Radfahren - Melli\u00b4s &amp; G\u00fcnter\u00b4s Webseite","og_description":"Radfahren konnte ich bereits mit 4 Jahren. Mein erstes Rad war das von meinem Bruder, so wie auch das erste Moped. Ich denke \u00f6fter an alte Zeiten zur\u00fcck, damals bin ich von Schwechat nach Fischamend mit dem Rad gefahren. Das waren ganze 10 km. Damals war es eine Herausforderung und wenn ich jetzt irgendwo unterwegs &hellip; \u201eG\u00fcnter Radfahren\u201c weiterlesen","og_url":"https:\/\/familie-fussek.at\/?page_id=123","og_site_name":"Melli\u00b4s &amp; G\u00fcnter\u00b4s Webseite","article_publisher":"https:\/\/www.facebook.com\/FussekGuenter","article_modified_time":"2020-04-29T09:16:59+00:00","og_image":[{"width":1905,"height":965,"url":"https:\/\/familie-fussek.at\/wp-content\/uploads\/2020\/04\/Beitragsbild_G\u00fcnter-Fussek_Radfahren.jpg","type":"image\/jpeg"}],"twitter_card":"summary_large_image","twitter_misc":{"Gesch\u00e4tzte Lesezeit":"5\u00a0Minuten"},"schema":{"@context":"https:\/\/schema.org","@graph":[{"@type":"WebPage","@id":"https:\/\/familie-fussek.at\/?page_id=123","url":"https:\/\/familie-fussek.at\/?page_id=123","name":"G\u00fcnter Radfahren - Melli\u00b4s &amp; G\u00fcnter\u00b4s Webseite","isPartOf":{"@id":"https:\/\/familie-fussek.at\/#website"},"primaryImageOfPage":{"@id":"https:\/\/familie-fussek.at\/?page_id=123#primaryimage"},"image":{"@id":"https:\/\/familie-fussek.at\/?page_id=123#primaryimage"},"thumbnailUrl":"https:\/\/familie-fussek.at\/wp-content\/uploads\/2020\/04\/Beitragsbild_G\u00fcnter-Fussek_Radfahren.jpg","datePublished":"2020-04-25T02:35:01+00:00","dateModified":"2020-04-29T09:16:59+00:00","breadcrumb":{"@id":"https:\/\/familie-fussek.at\/?page_id=123#breadcrumb"},"inLanguage":"de","potentialAction":[{"@type":"ReadAction","target":["https:\/\/familie-fussek.at\/?page_id=123"]}]},{"@type":"ImageObject","inLanguage":"de","@id":"https:\/\/familie-fussek.at\/?page_id=123#primaryimage","url":"https:\/\/familie-fussek.at\/wp-content\/uploads\/2020\/04\/Beitragsbild_G\u00fcnter-Fussek_Radfahren.jpg","contentUrl":"https:\/\/familie-fussek.at\/wp-content\/uploads\/2020\/04\/Beitragsbild_G\u00fcnter-Fussek_Radfahren.jpg","width":1905,"height":965},{"@type":"BreadcrumbList","@id":"https:\/\/familie-fussek.at\/?page_id=123#breadcrumb","itemListElement":[{"@type":"ListItem","position":1,"name":"Startseite","item":"https:\/\/familie-fussek.at\/"},{"@type":"ListItem","position":2,"name":"G\u00fcnter Radfahren"}]},{"@type":"WebSite","@id":"https:\/\/familie-fussek.at\/#website","url":"https:\/\/familie-fussek.at\/","name":"Melli\u00b4s &amp; G\u00fcnter\u00b4s Webseite","description":"","potentialAction":[{"@type":"SearchAction","target":{"@type":"EntryPoint","urlTemplate":"https:\/\/familie-fussek.at\/?s={search_term_string}"},"query-input":{"@type":"PropertyValueSpecification","valueRequired":true,"valueName":"search_term_string"}}],"inLanguage":"de"}]}},"_links":{"self":[{"href":"https:\/\/familie-fussek.at\/index.php?rest_route=\/wp\/v2\/pages\/123","targetHints":{"allow":["GET"]}}],"collection":[{"href":"https:\/\/familie-fussek.at\/index.php?rest_route=\/wp\/v2\/pages"}],"about":[{"href":"https:\/\/familie-fussek.at\/index.php?rest_route=\/wp\/v2\/types\/page"}],"author":[{"embeddable":true,"href":"https:\/\/familie-fussek.at\/index.php?rest_route=\/wp\/v2\/users\/1"}],"replies":[{"embeddable":true,"href":"https:\/\/familie-fussek.at\/index.php?rest_route=%2Fwp%2Fv2%2Fcomments&post=123"}],"version-history":[{"count":4,"href":"https:\/\/familie-fussek.at\/index.php?rest_route=\/wp\/v2\/pages\/123\/revisions"}],"predecessor-version":[{"id":435,"href":"https:\/\/familie-fussek.at\/index.php?rest_route=\/wp\/v2\/pages\/123\/revisions\/435"}],"wp:featuredmedia":[{"embeddable":true,"href":"https:\/\/familie-fussek.at\/index.php?rest_route=\/wp\/v2\/media\/436"}],"wp:attachment":[{"href":"https:\/\/familie-fussek.at\/index.php?rest_route=%2Fwp%2Fv2%2Fmedia&parent=123"}],"curies":[{"name":"wp","href":"https:\/\/api.w.org\/{rel}","templated":true}]}}