{"id":120,"date":"2020-04-25T04:34:15","date_gmt":"2020-04-25T02:34:15","guid":{"rendered":"https:\/\/familie-fussek.at\/?page_id=120"},"modified":"2020-06-03T06:21:08","modified_gmt":"2020-06-03T04:21:08","slug":"guenter-laufen","status":"publish","type":"page","link":"https:\/\/familie-fussek.at\/?page_id=120","title":{"rendered":"G\u00fcnter Laufen"},"content":{"rendered":"<p>Da ich in eine Sporthauptschule mit Schwerpunkt Leichtathletik gegangen bin, war ich auch schon in Schulzeiten mit dem Laufen in Verbindung, obwohl meine St\u00e4rken eher die Sprungbewerbe waren.<br \/>\nZur Schulzeit waren es mehr die Sprint-Bewerbe, aber auch ein wenig die Langstecken. Bei den 3000-Meterl\u00e4ufen war ich immer unter den Besten. Nach der Schule war Laufen nicht mehr so meines.<br \/>\nZum Laufen bin ich 2013 zur\u00fcckgekehrt, wo mich mein Sohn motivierte und auch trainierte.<\/p>\n<p>2014 fing ich mit Wettk\u00e4mpfen an, von 5 km bis Halbmarathons habe ich alles durch. Es gab gute Zeiten, aber auch schlechte bei den L\u00e4ufen. Die Motivation war einmal besser und einmal schlechter. Am meisten haben mich Wettk\u00e4mpfe motiviert. F\u00fcr zwei Marathons habe ich sogar kurzfristig (leider nur kurzfristig) zu rauchen aufgeh\u00f6rt, da erzielte ich auch meine beste Pace. Zurzeit habe ich eine Pace bei Halbmarathons zwischen 5:30 und 6:00, bin jedoch bem\u00fcht eine 5:00 Pace zu erreichen, wobei je \u00e4lter ich werde umso schwieriger wird es. Noch ist mein Schatz ca. 1 min langsamer, da muss ich aufpassen das sie mich nicht einholt \ud83d\ude0a.<br \/>\nAuch \u00fcber das Laufen k\u00f6nnt ihr auf <a href=\"https:\/\/connect.garmin.com\/modern\/dashboard\/3222216\">Garmin Connect<\/a> nachsehen.<\/p>\n<p>Sollte Corona (Covid-19) es zulassen, werden hier Lauftermine und Laufergebnisse zu sehen sein.<\/p>\n<hr>\n<p>Es ist soweit unser erster Wettkampf: Wir sind dabei!<\/p>\n<div class=\"elementor-element elementor-element-625afec elementor-widget elementor-widget-heading animated fadeIn\" data-id=\"625afec\" data-element_type=\"widget\" data-settings=\"{&quot;_animation&quot;:&quot;fadeIn&quot;}\" data-widget_type=\"heading.default\">\n<div class=\"elementor-widget-container\">\n<h1 class=\"elementor-heading-title elementor-size-default\">\u00d6sterreich l\u00e4uft<\/h1>\n<\/div>\n<\/div>\n<div class=\"elementor-element elementor-element-049cfa1 elementor-widget__width-initial elementor-widget-tablet__width-inherit elementor-widget elementor-widget-heading animated fadeIn\" data-id=\"049cfa1\" data-element_type=\"widget\" data-settings=\"{&quot;_animation&quot;:&quot;fadeIn&quot;}\" data-widget_type=\"heading.default\">\n<div class=\"elementor-widget-container\">\n<h5 class=\"elementor-heading-title elementor-size-default\">Alleine laufen, gemeinsam zum Ziel!<br \/>\n15. bis 17. Mai 2020<\/h5>\n<\/div>\n<\/div>\n<div class=\"elementor-element elementor-element-20aba28 elementor-widget__width-initial elementor-widget-tablet__width-inherit elementor-widget elementor-widget-heading animated fadeIn\" data-id=\"20aba28\" data-element_type=\"widget\" data-settings=\"{&quot;_animation&quot;:&quot;fadeIn&quot;}\" data-widget_type=\"heading.default\">\n<div class=\"elementor-widget-container\">\n<h5 class=\"elementor-heading-title elementor-size-default\">Der erste virtuelle Lauf \u00d6sterreichs. Bei so viel interaktivem Teamspirit wirst du und dein Bundesland zur H\u00f6chstform auflaufen.<\/h5>\n<p><strong>Ergebnis:<\/strong> 10 Km. 59:43,&nbsp; Pace 05:58<br \/>\n<strong>Platzierung:<\/strong> Rang 355 \u00d6sterreichweit, Platz 20 Wien, Klasse M55 Platz 2<\/p>\n<p>Bei diesem Wettkampf habe ich mich gar nicht wohl gef\u00fchlt, Seitenstechen, und Knieschmerzen h\u00e4tten mich beinahe aufgeben lassen. Mein Trainer machte mich nieder was mir nicht gefiel, in nachhinein sehe ich es aber Positiv und hielt durch.<\/p>\n<hr>\n<\/div>\n<p><img loading=\"lazy\" decoding=\"async\" class=\"size-medium wp-image-965 alignleft\" src=\"https:\/\/familie-fussek.at\/wp-content\/uploads\/2020\/05\/Pentek-300x156.jpg\" alt=\"\" width=\"300\" height=\"156\" srcset=\"https:\/\/familie-fussek.at\/wp-content\/uploads\/2020\/05\/Pentek-300x156.jpg 300w, https:\/\/familie-fussek.at\/wp-content\/uploads\/2020\/05\/Pentek.jpg 484w\" sizes=\"auto, (max-width: 300px) 100vw, 300px\" \/><\/p>\n<\/div>\n<p>&nbsp;<\/p>\n<p>&nbsp;Unser zweiter Wettkampf.<\/p>\n<p>&nbsp;<\/p>\n<p>&nbsp;<\/p>\n<p><strong>10.05.2020 Wien, Ergebnis Run 1:<\/strong> 5,04 Km, Zeit 23:29, Pace 4:39<br \/>\n<strong>12.05.2020 Wien, Ergebnis Run 2:<\/strong> 5,03 Km, Zeit 26:03, Pace 5:11<br \/>\n<strong>26.05.2020 Wien, Ergebnis Run 3:<\/strong> 5,01 Km, Zeit 25:23, Pace 5:04<\/p>\n<p><img loading=\"lazy\" decoding=\"async\" class=\"size-medium wp-image-982 aligncenter\" src=\"https:\/\/familie-fussek.at\/wp-content\/uploads\/2020\/06\/LCC-Mai-20-205x300.jpg\" alt=\"\" width=\"205\" height=\"300\" srcset=\"https:\/\/familie-fussek.at\/wp-content\/uploads\/2020\/06\/LCC-Mai-20-205x300.jpg 205w, https:\/\/familie-fussek.at\/wp-content\/uploads\/2020\/06\/LCC-Mai-20.jpg 263w\" sizes=\"auto, (max-width: 205px) 100vw, 205px\" \/><\/p>\n<hr>\n<p>&nbsp;<\/p>\n","protected":false},"excerpt":{"rendered":"<p>Da ich in eine Sporthauptschule mit Schwerpunkt Leichtathletik gegangen bin, war ich auch schon in Schulzeiten mit dem Laufen in Verbindung, obwohl meine St\u00e4rken eher die Sprungbewerbe waren. Zur Schulzeit waren es mehr die Sprint-Bewerbe, aber auch ein wenig die Langstecken. Bei den 3000-Meterl\u00e4ufen war ich immer unter den Besten. Nach der Schule war Laufen &hellip; <\/p>\n<p class=\"link-more\"><a href=\"https:\/\/familie-fussek.at\/?page_id=120\" class=\"more-link\"><span class=\"screen-reader-text\">\u201eG\u00fcnter Laufen\u201c<\/span> weiterlesen<\/a><\/p>\n","protected":false},"author":1,"featured_media":121,"parent":0,"menu_order":0,"comment_status":"closed","ping_status":"closed","template":"","meta":{"ngg_post_thumbnail":0,"footnotes":""},"class_list":["post-120","page","type-page","status-publish","has-post-thumbnail","hentry"],"yoast_head":"<!-- This site is optimized with the Yoast SEO plugin v25.1 - https:\/\/yoast.com\/wordpress\/plugins\/seo\/ -->\n<title>G\u00fcnter Laufen - Melli\u00b4s &amp; G\u00fcnter\u00b4s Webseite<\/title>\n<meta name=\"robots\" content=\"index, follow, max-snippet:-1, max-image-preview:large, max-video-preview:-1\" \/>\n<link rel=\"canonical\" href=\"https:\/\/familie-fussek.at\/?page_id=120\" \/>\n<meta property=\"og:locale\" content=\"de_DE\" \/>\n<meta property=\"og:type\" content=\"article\" \/>\n<meta property=\"og:title\" content=\"G\u00fcnter Laufen - Melli\u00b4s &amp; G\u00fcnter\u00b4s Webseite\" \/>\n<meta property=\"og:description\" content=\"Da ich in eine Sporthauptschule mit Schwerpunkt Leichtathletik gegangen bin, war ich auch schon in Schulzeiten mit dem Laufen in Verbindung, obwohl meine St\u00e4rken eher die Sprungbewerbe waren. Zur Schulzeit waren es mehr die Sprint-Bewerbe, aber auch ein wenig die Langstecken. Bei den 3000-Meterl\u00e4ufen war ich immer unter den Besten. Nach der Schule war Laufen &hellip; \u201eG\u00fcnter Laufen\u201c weiterlesen\" \/>\n<meta property=\"og:url\" content=\"https:\/\/familie-fussek.at\/?page_id=120\" \/>\n<meta property=\"og:site_name\" content=\"Melli\u00b4s &amp; G\u00fcnter\u00b4s Webseite\" \/>\n<meta property=\"article:publisher\" content=\"https:\/\/www.facebook.com\/FussekGuenter\" \/>\n<meta property=\"article:modified_time\" content=\"2020-06-03T04:21:08+00:00\" \/>\n<meta property=\"og:image\" content=\"https:\/\/familie-fussek.at\/wp-content\/uploads\/2020\/04\/Barcelona_G\u00fcnter-Fussek_2019.jpg\" \/>\n\t<meta property=\"og:image:width\" content=\"1980\" \/>\n\t<meta property=\"og:image:height\" content=\"1320\" \/>\n\t<meta property=\"og:image:type\" content=\"image\/jpeg\" \/>\n<meta name=\"twitter:card\" content=\"summary_large_image\" \/>\n<meta name=\"twitter:label1\" content=\"Gesch\u00e4tzte Lesezeit\" \/>\n\t<meta name=\"twitter:data1\" content=\"2\u00a0Minuten\" \/>\n<script type=\"application\/ld+json\" class=\"yoast-schema-graph\">{\"@context\":\"https:\/\/schema.org\",\"@graph\":[{\"@type\":\"WebPage\",\"@id\":\"https:\/\/familie-fussek.at\/?page_id=120\",\"url\":\"https:\/\/familie-fussek.at\/?page_id=120\",\"name\":\"G\u00fcnter Laufen - Melli\u00b4s &amp; G\u00fcnter\u00b4s Webseite\",\"isPartOf\":{\"@id\":\"https:\/\/familie-fussek.at\/#website\"},\"primaryImageOfPage\":{\"@id\":\"https:\/\/familie-fussek.at\/?page_id=120#primaryimage\"},\"image\":{\"@id\":\"https:\/\/familie-fussek.at\/?page_id=120#primaryimage\"},\"thumbnailUrl\":\"https:\/\/familie-fussek.at\/wp-content\/uploads\/2020\/04\/Barcelona_G\u00fcnter-Fussek_2019.jpg\",\"datePublished\":\"2020-04-25T02:34:15+00:00\",\"dateModified\":\"2020-06-03T04:21:08+00:00\",\"breadcrumb\":{\"@id\":\"https:\/\/familie-fussek.at\/?page_id=120#breadcrumb\"},\"inLanguage\":\"de\",\"potentialAction\":[{\"@type\":\"ReadAction\",\"target\":[\"https:\/\/familie-fussek.at\/?page_id=120\"]}]},{\"@type\":\"ImageObject\",\"inLanguage\":\"de\",\"@id\":\"https:\/\/familie-fussek.at\/?page_id=120#primaryimage\",\"url\":\"https:\/\/familie-fussek.at\/wp-content\/uploads\/2020\/04\/Barcelona_G\u00fcnter-Fussek_2019.jpg\",\"contentUrl\":\"https:\/\/familie-fussek.at\/wp-content\/uploads\/2020\/04\/Barcelona_G\u00fcnter-Fussek_2019.jpg\",\"width\":1980,\"height\":1320},{\"@type\":\"BreadcrumbList\",\"@id\":\"https:\/\/familie-fussek.at\/?page_id=120#breadcrumb\",\"itemListElement\":[{\"@type\":\"ListItem\",\"position\":1,\"name\":\"Startseite\",\"item\":\"https:\/\/familie-fussek.at\/\"},{\"@type\":\"ListItem\",\"position\":2,\"name\":\"G\u00fcnter Laufen\"}]},{\"@type\":\"WebSite\",\"@id\":\"https:\/\/familie-fussek.at\/#website\",\"url\":\"https:\/\/familie-fussek.at\/\",\"name\":\"Melli\u00b4s &amp; G\u00fcnter\u00b4s Webseite\",\"description\":\"\",\"potentialAction\":[{\"@type\":\"SearchAction\",\"target\":{\"@type\":\"EntryPoint\",\"urlTemplate\":\"https:\/\/familie-fussek.at\/?s={search_term_string}\"},\"query-input\":{\"@type\":\"PropertyValueSpecification\",\"valueRequired\":true,\"valueName\":\"search_term_string\"}}],\"inLanguage\":\"de\"}]}<\/script>\n<!-- \/ Yoast SEO plugin. -->","yoast_head_json":{"title":"G\u00fcnter Laufen - Melli\u00b4s &amp; G\u00fcnter\u00b4s Webseite","robots":{"index":"index","follow":"follow","max-snippet":"max-snippet:-1","max-image-preview":"max-image-preview:large","max-video-preview":"max-video-preview:-1"},"canonical":"https:\/\/familie-fussek.at\/?page_id=120","og_locale":"de_DE","og_type":"article","og_title":"G\u00fcnter Laufen - Melli\u00b4s &amp; G\u00fcnter\u00b4s Webseite","og_description":"Da ich in eine Sporthauptschule mit Schwerpunkt Leichtathletik gegangen bin, war ich auch schon in Schulzeiten mit dem Laufen in Verbindung, obwohl meine St\u00e4rken eher die Sprungbewerbe waren. Zur Schulzeit waren es mehr die Sprint-Bewerbe, aber auch ein wenig die Langstecken. Bei den 3000-Meterl\u00e4ufen war ich immer unter den Besten. Nach der Schule war Laufen &hellip; \u201eG\u00fcnter Laufen\u201c weiterlesen","og_url":"https:\/\/familie-fussek.at\/?page_id=120","og_site_name":"Melli\u00b4s &amp; G\u00fcnter\u00b4s Webseite","article_publisher":"https:\/\/www.facebook.com\/FussekGuenter","article_modified_time":"2020-06-03T04:21:08+00:00","og_image":[{"width":1980,"height":1320,"url":"https:\/\/familie-fussek.at\/wp-content\/uploads\/2020\/04\/Barcelona_G\u00fcnter-Fussek_2019.jpg","type":"image\/jpeg"}],"twitter_card":"summary_large_image","twitter_misc":{"Gesch\u00e4tzte Lesezeit":"2\u00a0Minuten"},"schema":{"@context":"https:\/\/schema.org","@graph":[{"@type":"WebPage","@id":"https:\/\/familie-fussek.at\/?page_id=120","url":"https:\/\/familie-fussek.at\/?page_id=120","name":"G\u00fcnter Laufen - Melli\u00b4s &amp; G\u00fcnter\u00b4s Webseite","isPartOf":{"@id":"https:\/\/familie-fussek.at\/#website"},"primaryImageOfPage":{"@id":"https:\/\/familie-fussek.at\/?page_id=120#primaryimage"},"image":{"@id":"https:\/\/familie-fussek.at\/?page_id=120#primaryimage"},"thumbnailUrl":"https:\/\/familie-fussek.at\/wp-content\/uploads\/2020\/04\/Barcelona_G\u00fcnter-Fussek_2019.jpg","datePublished":"2020-04-25T02:34:15+00:00","dateModified":"2020-06-03T04:21:08+00:00","breadcrumb":{"@id":"https:\/\/familie-fussek.at\/?page_id=120#breadcrumb"},"inLanguage":"de","potentialAction":[{"@type":"ReadAction","target":["https:\/\/familie-fussek.at\/?page_id=120"]}]},{"@type":"ImageObject","inLanguage":"de","@id":"https:\/\/familie-fussek.at\/?page_id=120#primaryimage","url":"https:\/\/familie-fussek.at\/wp-content\/uploads\/2020\/04\/Barcelona_G\u00fcnter-Fussek_2019.jpg","contentUrl":"https:\/\/familie-fussek.at\/wp-content\/uploads\/2020\/04\/Barcelona_G\u00fcnter-Fussek_2019.jpg","width":1980,"height":1320},{"@type":"BreadcrumbList","@id":"https:\/\/familie-fussek.at\/?page_id=120#breadcrumb","itemListElement":[{"@type":"ListItem","position":1,"name":"Startseite","item":"https:\/\/familie-fussek.at\/"},{"@type":"ListItem","position":2,"name":"G\u00fcnter Laufen"}]},{"@type":"WebSite","@id":"https:\/\/familie-fussek.at\/#website","url":"https:\/\/familie-fussek.at\/","name":"Melli\u00b4s &amp; G\u00fcnter\u00b4s Webseite","description":"","potentialAction":[{"@type":"SearchAction","target":{"@type":"EntryPoint","urlTemplate":"https:\/\/familie-fussek.at\/?s={search_term_string}"},"query-input":{"@type":"PropertyValueSpecification","valueRequired":true,"valueName":"search_term_string"}}],"inLanguage":"de"}]}},"_links":{"self":[{"href":"https:\/\/familie-fussek.at\/index.php?rest_route=\/wp\/v2\/pages\/120","targetHints":{"allow":["GET"]}}],"collection":[{"href":"https:\/\/familie-fussek.at\/index.php?rest_route=\/wp\/v2\/pages"}],"about":[{"href":"https:\/\/familie-fussek.at\/index.php?rest_route=\/wp\/v2\/types\/page"}],"author":[{"embeddable":true,"href":"https:\/\/familie-fussek.at\/index.php?rest_route=\/wp\/v2\/users\/1"}],"replies":[{"embeddable":true,"href":"https:\/\/familie-fussek.at\/index.php?rest_route=%2Fwp%2Fv2%2Fcomments&post=120"}],"version-history":[{"count":14,"href":"https:\/\/familie-fussek.at\/index.php?rest_route=\/wp\/v2\/pages\/120\/revisions"}],"predecessor-version":[{"id":983,"href":"https:\/\/familie-fussek.at\/index.php?rest_route=\/wp\/v2\/pages\/120\/revisions\/983"}],"wp:featuredmedia":[{"embeddable":true,"href":"https:\/\/familie-fussek.at\/index.php?rest_route=\/wp\/v2\/media\/121"}],"wp:attachment":[{"href":"https:\/\/familie-fussek.at\/index.php?rest_route=%2Fwp%2Fv2%2Fmedia&parent=120"}],"curies":[{"name":"wp","href":"https:\/\/api.w.org\/{rel}","templated":true}]}}