{"id":107,"date":"2020-04-25T04:26:17","date_gmt":"2020-04-25T02:26:17","guid":{"rendered":"https:\/\/familie-fussek.at\/?page_id=107"},"modified":"2020-05-01T10:50:55","modified_gmt":"2020-05-01T08:50:55","slug":"melli-yoga","status":"publish","type":"page","link":"https:\/\/familie-fussek.at\/?page_id=107","title":{"rendered":"Melli Yoga"},"content":{"rendered":"<h1>Warum mich Yoga ver\u00e4ndert hat\u2026<\/h1>\n<p>Mein<img loading=\"lazy\" decoding=\"async\" class=\"size-medium wp-image-265 alignleft\" src=\"https:\/\/familie-fussek.at\/wp-content\/uploads\/2020\/04\/Melli-Yoga-225x300.jpeg\" alt=\"\" width=\"225\" height=\"300\" srcset=\"https:\/\/familie-fussek.at\/wp-content\/uploads\/2020\/04\/Melli-Yoga-225x300.jpeg 225w, https:\/\/familie-fussek.at\/wp-content\/uploads\/2020\/04\/Melli-Yoga-768x1024.jpeg 768w, https:\/\/familie-fussek.at\/wp-content\/uploads\/2020\/04\/Melli-Yoga.jpeg 1070w\" sizes=\"auto, (max-width: 225px) 100vw, 225px\" \/>e erste Yogastunde steht nun vor mir. Auf diese Idee brachte mich eine gute Freundin.Gespannt betrete ich das einladende Yogastudio, das fr\u00fcher eine Pizzeria war (kaum zu glauben),<br \/>\naber probieren geht schlie\u00dflich \u00fcber studieren. Der Geruch von Holz und die angenehmeBeleuchtung gab mir das Gef\u00fchl von Ruhe,Gelassenheit und positiver Stimmung. Die Vorfreude stieg,<br \/>\nals Anna mich mit ihrer herzlichen und offenen Art begr\u00fc\u00dfte.<\/p>\n<hr>\n<p>Ich komme gerade von meiner 90min\u00fctigen Yogaeinheit und f\u00fchle mich nach Monaten endlich wieder geerdet und komplett bei mir. Dieses Gef\u00fchl hatte ich lange Zeit nicht. Meine Erwartungen wurdenbei weitem \u00fcbertroffen.<\/p>\n<hr>\n<p>Ich war \u00fcber einen l\u00e4ngeren Zeitraum immer wieder krank. Mein ganzer K\u00f6rper f\u00fchlte sich steif an,<br \/>\nmeine Gedankenweilt ver\u00e4nderte sich und selbst schon l\u00e4ngst verschwundene \u00c4ngste waren pl\u00f6tzlich<br \/>\nwieder pr\u00e4sent. Ich war mir in vielen Gedankeng\u00e4ngen und Entscheidungen unsicher.<\/p>\n<p>Yoga brachte mich wieder auf den richtigen Weg. Ich hatte eine neue Sportart f\u00fcr mich entdeckt,<br \/>\nwelche f\u00fcr mich aus Krafttraining, Meditation und Entspannung besteht. Heute wei\u00df ich, was es<br \/>\nf\u00fcr meinen K\u00f6rper und Geist bedeutet Yoga zu praktizieren. Ich hatte keine Ahnung, dass es<br \/>\nEinfluss auf mein gesamtes Leben nehmen w\u00fcrde.<\/p>\n<p><strong>Was hat Yoga also mit mir gemacht?<\/strong><br \/>\nSchlechte Stimmung wurde leichter ausgel\u00f6scht. Ich fing an mehr auf mich zu achten und dem Leben<br \/>\nund deren Zeichen einfach zu vertrauen. Ich h\u00f6re eher auf mein Bauchgef\u00fchl, anstatt alles zu<br \/>\nverdenken. Was sich richtig anf\u00fchlt, wird gemacht, was mir ein schlechtes Gef\u00fchl gibt, lasse ich sein.<br \/>\nIch sp\u00fcre heute viel st\u00e4rker was mir gut tut und was mir schadet. Alles hat sich intensiviert. Dadurch<br \/>\nf\u00e4llt es mir auch leichter Entscheidungen zu treffen und Dinge hinter mir zu lassen.<br \/>\nIch habe das Vertrauen in mir selbst gefunden und kann mich somit in andere Menschen leichter<br \/>\nhineinversetzen. Mir gelingt es nun gut, diese in einer anderen Sichtweise zu sehen und erwarte<br \/>\nweniger von ihnen.<\/p>\n<p>Yoga hat mir die Freiheit gegeben, die ich immer gesucht habe. Ich habe sie Au\u00dfen gesucht und dachte,<br \/>\nsie dort zu finden. Letztlich ging es aber um die Freiheit in mir bzw. in meinem Kopf, die zu etwas<br \/>\nsehr wertvollem in meinem Leben geworden ist.<\/p>\n<p style=\"text-align: center;\"><strong>\u2026also rauf auf die Matten und selbst einmal ausprobieren!<\/strong><br \/>\n<strong>ACHTUNG! Es besteht dabei hohes Suchtpotential<\/strong> \uf04a<\/p>\n","protected":false},"excerpt":{"rendered":"<p>Warum mich Yoga ver\u00e4ndert hat\u2026 Meine erste Yogastunde steht nun vor mir. Auf diese Idee brachte mich eine gute Freundin.Gespannt betrete ich das einladende Yogastudio, das fr\u00fcher eine Pizzeria war (kaum zu glauben), aber probieren geht schlie\u00dflich \u00fcber studieren. Der Geruch von Holz und die angenehmeBeleuchtung gab mir das Gef\u00fchl von Ruhe,Gelassenheit und positiver Stimmung. &hellip; <\/p>\n<p class=\"link-more\"><a href=\"https:\/\/familie-fussek.at\/?page_id=107\" class=\"more-link\"><span class=\"screen-reader-text\">\u201eMelli Yoga\u201c<\/span> weiterlesen<\/a><\/p>\n","protected":false},"author":1,"featured_media":451,"parent":0,"menu_order":0,"comment_status":"closed","ping_status":"closed","template":"","meta":{"ngg_post_thumbnail":0,"footnotes":""},"class_list":["post-107","page","type-page","status-publish","has-post-thumbnail","hentry"],"yoast_head":"<!-- This site is optimized with the Yoast SEO plugin v25.1 - https:\/\/yoast.com\/wordpress\/plugins\/seo\/ -->\n<title>Melli Yoga - Melli\u00b4s &amp; G\u00fcnter\u00b4s Webseite<\/title>\n<meta name=\"robots\" content=\"index, follow, max-snippet:-1, max-image-preview:large, max-video-preview:-1\" \/>\n<link rel=\"canonical\" href=\"https:\/\/familie-fussek.at\/?page_id=107\" \/>\n<meta property=\"og:locale\" content=\"de_DE\" \/>\n<meta property=\"og:type\" content=\"article\" \/>\n<meta property=\"og:title\" content=\"Melli Yoga - Melli\u00b4s &amp; G\u00fcnter\u00b4s Webseite\" \/>\n<meta property=\"og:description\" content=\"Warum mich Yoga ver\u00e4ndert hat\u2026 Meine erste Yogastunde steht nun vor mir. Auf diese Idee brachte mich eine gute Freundin.Gespannt betrete ich das einladende Yogastudio, das fr\u00fcher eine Pizzeria war (kaum zu glauben), aber probieren geht schlie\u00dflich \u00fcber studieren. Der Geruch von Holz und die angenehmeBeleuchtung gab mir das Gef\u00fchl von Ruhe,Gelassenheit und positiver Stimmung. &hellip; \u201eMelli Yoga\u201c weiterlesen\" \/>\n<meta property=\"og:url\" content=\"https:\/\/familie-fussek.at\/?page_id=107\" \/>\n<meta property=\"og:site_name\" content=\"Melli\u00b4s &amp; G\u00fcnter\u00b4s Webseite\" \/>\n<meta property=\"article:publisher\" content=\"https:\/\/www.facebook.com\/FussekGuenter\" \/>\n<meta property=\"article:modified_time\" content=\"2020-05-01T08:50:55+00:00\" \/>\n<meta property=\"og:image\" content=\"https:\/\/familie-fussek.at\/wp-content\/uploads\/2020\/05\/Beitragsbild-Melanie-Pechmann-Yoga.jpg\" \/>\n\t<meta property=\"og:image:width\" content=\"2228\" \/>\n\t<meta property=\"og:image:height\" content=\"1440\" \/>\n\t<meta property=\"og:image:type\" content=\"image\/jpeg\" \/>\n<meta name=\"twitter:card\" content=\"summary_large_image\" \/>\n<meta name=\"twitter:label1\" content=\"Gesch\u00e4tzte Lesezeit\" \/>\n\t<meta name=\"twitter:data1\" content=\"2\u00a0Minuten\" \/>\n<script type=\"application\/ld+json\" class=\"yoast-schema-graph\">{\"@context\":\"https:\/\/schema.org\",\"@graph\":[{\"@type\":\"WebPage\",\"@id\":\"https:\/\/familie-fussek.at\/?page_id=107\",\"url\":\"https:\/\/familie-fussek.at\/?page_id=107\",\"name\":\"Melli Yoga - Melli\u00b4s &amp; G\u00fcnter\u00b4s Webseite\",\"isPartOf\":{\"@id\":\"https:\/\/familie-fussek.at\/#website\"},\"primaryImageOfPage\":{\"@id\":\"https:\/\/familie-fussek.at\/?page_id=107#primaryimage\"},\"image\":{\"@id\":\"https:\/\/familie-fussek.at\/?page_id=107#primaryimage\"},\"thumbnailUrl\":\"https:\/\/familie-fussek.at\/wp-content\/uploads\/2020\/05\/Beitragsbild-Melanie-Pechmann-Yoga.jpg\",\"datePublished\":\"2020-04-25T02:26:17+00:00\",\"dateModified\":\"2020-05-01T08:50:55+00:00\",\"breadcrumb\":{\"@id\":\"https:\/\/familie-fussek.at\/?page_id=107#breadcrumb\"},\"inLanguage\":\"de\",\"potentialAction\":[{\"@type\":\"ReadAction\",\"target\":[\"https:\/\/familie-fussek.at\/?page_id=107\"]}]},{\"@type\":\"ImageObject\",\"inLanguage\":\"de\",\"@id\":\"https:\/\/familie-fussek.at\/?page_id=107#primaryimage\",\"url\":\"https:\/\/familie-fussek.at\/wp-content\/uploads\/2020\/05\/Beitragsbild-Melanie-Pechmann-Yoga.jpg\",\"contentUrl\":\"https:\/\/familie-fussek.at\/wp-content\/uploads\/2020\/05\/Beitragsbild-Melanie-Pechmann-Yoga.jpg\",\"width\":2228,\"height\":1440},{\"@type\":\"BreadcrumbList\",\"@id\":\"https:\/\/familie-fussek.at\/?page_id=107#breadcrumb\",\"itemListElement\":[{\"@type\":\"ListItem\",\"position\":1,\"name\":\"Startseite\",\"item\":\"https:\/\/familie-fussek.at\/\"},{\"@type\":\"ListItem\",\"position\":2,\"name\":\"Melli Yoga\"}]},{\"@type\":\"WebSite\",\"@id\":\"https:\/\/familie-fussek.at\/#website\",\"url\":\"https:\/\/familie-fussek.at\/\",\"name\":\"Melli\u00b4s &amp; G\u00fcnter\u00b4s Webseite\",\"description\":\"\",\"potentialAction\":[{\"@type\":\"SearchAction\",\"target\":{\"@type\":\"EntryPoint\",\"urlTemplate\":\"https:\/\/familie-fussek.at\/?s={search_term_string}\"},\"query-input\":{\"@type\":\"PropertyValueSpecification\",\"valueRequired\":true,\"valueName\":\"search_term_string\"}}],\"inLanguage\":\"de\"}]}<\/script>\n<!-- \/ Yoast SEO plugin. -->","yoast_head_json":{"title":"Melli Yoga - Melli\u00b4s &amp; G\u00fcnter\u00b4s Webseite","robots":{"index":"index","follow":"follow","max-snippet":"max-snippet:-1","max-image-preview":"max-image-preview:large","max-video-preview":"max-video-preview:-1"},"canonical":"https:\/\/familie-fussek.at\/?page_id=107","og_locale":"de_DE","og_type":"article","og_title":"Melli Yoga - Melli\u00b4s &amp; G\u00fcnter\u00b4s Webseite","og_description":"Warum mich Yoga ver\u00e4ndert hat\u2026 Meine erste Yogastunde steht nun vor mir. Auf diese Idee brachte mich eine gute Freundin.Gespannt betrete ich das einladende Yogastudio, das fr\u00fcher eine Pizzeria war (kaum zu glauben), aber probieren geht schlie\u00dflich \u00fcber studieren. Der Geruch von Holz und die angenehmeBeleuchtung gab mir das Gef\u00fchl von Ruhe,Gelassenheit und positiver Stimmung. &hellip; \u201eMelli Yoga\u201c weiterlesen","og_url":"https:\/\/familie-fussek.at\/?page_id=107","og_site_name":"Melli\u00b4s &amp; G\u00fcnter\u00b4s Webseite","article_publisher":"https:\/\/www.facebook.com\/FussekGuenter","article_modified_time":"2020-05-01T08:50:55+00:00","og_image":[{"width":2228,"height":1440,"url":"https:\/\/familie-fussek.at\/wp-content\/uploads\/2020\/05\/Beitragsbild-Melanie-Pechmann-Yoga.jpg","type":"image\/jpeg"}],"twitter_card":"summary_large_image","twitter_misc":{"Gesch\u00e4tzte Lesezeit":"2\u00a0Minuten"},"schema":{"@context":"https:\/\/schema.org","@graph":[{"@type":"WebPage","@id":"https:\/\/familie-fussek.at\/?page_id=107","url":"https:\/\/familie-fussek.at\/?page_id=107","name":"Melli Yoga - Melli\u00b4s &amp; G\u00fcnter\u00b4s Webseite","isPartOf":{"@id":"https:\/\/familie-fussek.at\/#website"},"primaryImageOfPage":{"@id":"https:\/\/familie-fussek.at\/?page_id=107#primaryimage"},"image":{"@id":"https:\/\/familie-fussek.at\/?page_id=107#primaryimage"},"thumbnailUrl":"https:\/\/familie-fussek.at\/wp-content\/uploads\/2020\/05\/Beitragsbild-Melanie-Pechmann-Yoga.jpg","datePublished":"2020-04-25T02:26:17+00:00","dateModified":"2020-05-01T08:50:55+00:00","breadcrumb":{"@id":"https:\/\/familie-fussek.at\/?page_id=107#breadcrumb"},"inLanguage":"de","potentialAction":[{"@type":"ReadAction","target":["https:\/\/familie-fussek.at\/?page_id=107"]}]},{"@type":"ImageObject","inLanguage":"de","@id":"https:\/\/familie-fussek.at\/?page_id=107#primaryimage","url":"https:\/\/familie-fussek.at\/wp-content\/uploads\/2020\/05\/Beitragsbild-Melanie-Pechmann-Yoga.jpg","contentUrl":"https:\/\/familie-fussek.at\/wp-content\/uploads\/2020\/05\/Beitragsbild-Melanie-Pechmann-Yoga.jpg","width":2228,"height":1440},{"@type":"BreadcrumbList","@id":"https:\/\/familie-fussek.at\/?page_id=107#breadcrumb","itemListElement":[{"@type":"ListItem","position":1,"name":"Startseite","item":"https:\/\/familie-fussek.at\/"},{"@type":"ListItem","position":2,"name":"Melli Yoga"}]},{"@type":"WebSite","@id":"https:\/\/familie-fussek.at\/#website","url":"https:\/\/familie-fussek.at\/","name":"Melli\u00b4s &amp; G\u00fcnter\u00b4s Webseite","description":"","potentialAction":[{"@type":"SearchAction","target":{"@type":"EntryPoint","urlTemplate":"https:\/\/familie-fussek.at\/?s={search_term_string}"},"query-input":{"@type":"PropertyValueSpecification","valueRequired":true,"valueName":"search_term_string"}}],"inLanguage":"de"}]}},"_links":{"self":[{"href":"https:\/\/familie-fussek.at\/index.php?rest_route=\/wp\/v2\/pages\/107","targetHints":{"allow":["GET"]}}],"collection":[{"href":"https:\/\/familie-fussek.at\/index.php?rest_route=\/wp\/v2\/pages"}],"about":[{"href":"https:\/\/familie-fussek.at\/index.php?rest_route=\/wp\/v2\/types\/page"}],"author":[{"embeddable":true,"href":"https:\/\/familie-fussek.at\/index.php?rest_route=\/wp\/v2\/users\/1"}],"replies":[{"embeddable":true,"href":"https:\/\/familie-fussek.at\/index.php?rest_route=%2Fwp%2Fv2%2Fcomments&post=107"}],"version-history":[{"count":6,"href":"https:\/\/familie-fussek.at\/index.php?rest_route=\/wp\/v2\/pages\/107\/revisions"}],"predecessor-version":[{"id":270,"href":"https:\/\/familie-fussek.at\/index.php?rest_route=\/wp\/v2\/pages\/107\/revisions\/270"}],"wp:featuredmedia":[{"embeddable":true,"href":"https:\/\/familie-fussek.at\/index.php?rest_route=\/wp\/v2\/media\/451"}],"wp:attachment":[{"href":"https:\/\/familie-fussek.at\/index.php?rest_route=%2Fwp%2Fv2%2Fmedia&parent=107"}],"curies":[{"name":"wp","href":"https:\/\/api.w.org\/{rel}","templated":true}]}}