{"id":10,"date":"2020-04-24T16:15:12","date_gmt":"2020-04-24T14:15:12","guid":{"rendered":"https:\/\/www.familie-fussek.at\/?page_id=10"},"modified":"2020-04-30T06:25:59","modified_gmt":"2020-04-30T04:25:59","slug":"melanie-pechmann-guenter-fussek-webseite","status":"publish","type":"page","link":"https:\/\/familie-fussek.at\/","title":{"rendered":"Home"},"content":{"rendered":"<p style=\"text-align: center;\"><strong>Willkommen auf unserer Website!<\/strong><\/p>\n<p>Da die \u201ealte\u201c Homepage von mir (G\u00fcnter) von dem einen Tag auf den anderen unvorhergesehen nicht mehr funktionierte,<br \/>\nwelche haupts\u00e4chlich von meiner Arbeit handelte, beschloss ich eine<br \/>\n<strong>NEUE GEMEINSAME<\/strong> Website zu kreieren.<\/p>\n<p><strong>WIR<\/strong> waren der Meinung, Euch an unserem bisher Erlebten teilhaben zu lassen, da wir unser Leben gemeinsam immer gut<br \/>\nmeistern und eine sehr gl\u00fcckliche Beziehung pflegen.<\/p>\n<p>Hier wirst Du viel Interessantes von uns erkunden, sch\u00f6ne Bilder sehen und ein paar kleine Einblicke in unser<br \/>\nPrivatleben bzw. in unsere Hobby\u00b4s bekommen.<\/p>\n<p>Unsere Website wird stetig neu aktualisiert. Dadurch bekommt Ihr immer aktuelle Bilder, neuste Erfahrungen und Eindr\u00fccke von uns zu sehen.<\/p>\n<p>Wir freuen uns \u00fcber jeden einzelnen Besucher und nat\u00fcrlich auch \u00fcber ein Feedback.<\/p>\n<p>So, nun viel Spa\u00df beim st\u00f6bern\u2026<\/p>\n","protected":false},"excerpt":{"rendered":"<p>Willkommen auf unserer Website! Da die \u201ealte\u201c Homepage von mir (G\u00fcnter) von dem einen Tag auf den anderen unvorhergesehen nicht mehr funktionierte, welche haupts\u00e4chlich von meiner Arbeit handelte, beschloss ich eine NEUE GEMEINSAME Website zu kreieren. WIR waren der Meinung, Euch an unserem bisher Erlebten teilhaben zu lassen, da wir unser Leben gemeinsam immer gut &hellip; <\/p>\n<p class=\"link-more\"><a href=\"https:\/\/familie-fussek.at\/\" class=\"more-link\"><span class=\"screen-reader-text\">\u201eHome\u201c<\/span> weiterlesen<\/a><\/p>\n","protected":false},"author":1,"featured_media":0,"parent":0,"menu_order":0,"comment_status":"closed","ping_status":"closed","template":"","meta":{"ngg_post_thumbnail":0,"footnotes":""},"class_list":["post-10","page","type-page","status-publish","hentry"],"yoast_head":"<!-- This site is optimized with the Yoast SEO plugin v25.1 - https:\/\/yoast.com\/wordpress\/plugins\/seo\/ -->\n<title>Home - Melli\u00b4s &amp; G\u00fcnter\u00b4s Webseite<\/title>\n<meta name=\"description\" content=\"Hier seht Ihr die private Webseite von Melanie Pechmann und G\u00fcnter Fussek.Wir werden euch \u00fcber unseren Sport, Hobbies und Interessen erz\u00e4hlen. Struppy darf auch nicht fehlen.\" \/>\n<meta name=\"robots\" content=\"index, follow, max-snippet:-1, max-image-preview:large, max-video-preview:-1\" \/>\n<link rel=\"canonical\" href=\"https:\/\/familie-fussek.at\/\" \/>\n<meta property=\"og:locale\" content=\"de_DE\" \/>\n<meta property=\"og:type\" content=\"article\" \/>\n<meta property=\"og:title\" content=\"Home - Melli\u00b4s &amp; G\u00fcnter\u00b4s Webseite\" \/>\n<meta property=\"og:description\" content=\"Hier seht Ihr die private Webseite von Melanie Pechmann und G\u00fcnter Fussek.Wir werden euch \u00fcber unseren Sport, Hobbies und Interessen erz\u00e4hlen. Struppy darf auch nicht fehlen.\" \/>\n<meta property=\"og:url\" content=\"https:\/\/familie-fussek.at\/\" \/>\n<meta property=\"og:site_name\" content=\"Melli\u00b4s &amp; G\u00fcnter\u00b4s Webseite\" \/>\n<meta property=\"article:publisher\" content=\"https:\/\/www.facebook.com\/FussekGuenter\" \/>\n<meta property=\"article:modified_time\" content=\"2020-04-30T04:25:59+00:00\" \/>\n<meta name=\"twitter:card\" content=\"summary_large_image\" \/>\n<meta name=\"twitter:label1\" content=\"Gesch\u00e4tzte Lesezeit\" \/>\n\t<meta name=\"twitter:data1\" content=\"1\u00a0Minute\" \/>\n<script type=\"application\/ld+json\" class=\"yoast-schema-graph\">{\"@context\":\"https:\/\/schema.org\",\"@graph\":[{\"@type\":\"WebPage\",\"@id\":\"https:\/\/familie-fussek.at\/\",\"url\":\"https:\/\/familie-fussek.at\/\",\"name\":\"Home - Melli\u00b4s &amp; G\u00fcnter\u00b4s Webseite\",\"isPartOf\":{\"@id\":\"https:\/\/familie-fussek.at\/#website\"},\"datePublished\":\"2020-04-24T14:15:12+00:00\",\"dateModified\":\"2020-04-30T04:25:59+00:00\",\"description\":\"Hier seht Ihr die private Webseite von Melanie Pechmann und G\u00fcnter Fussek.Wir werden euch \u00fcber unseren Sport, Hobbies und Interessen erz\u00e4hlen. Struppy darf auch nicht fehlen.\",\"breadcrumb\":{\"@id\":\"https:\/\/familie-fussek.at\/#breadcrumb\"},\"inLanguage\":\"de\",\"potentialAction\":[{\"@type\":\"ReadAction\",\"target\":[\"https:\/\/familie-fussek.at\/\"]}]},{\"@type\":\"BreadcrumbList\",\"@id\":\"https:\/\/familie-fussek.at\/#breadcrumb\",\"itemListElement\":[{\"@type\":\"ListItem\",\"position\":1,\"name\":\"Startseite\",\"item\":\"https:\/\/familie-fussek.at\/\"},{\"@type\":\"ListItem\",\"position\":2,\"name\":\"Home\"}]},{\"@type\":\"WebSite\",\"@id\":\"https:\/\/familie-fussek.at\/#website\",\"url\":\"https:\/\/familie-fussek.at\/\",\"name\":\"Melli\u00b4s &amp; G\u00fcnter\u00b4s Webseite\",\"description\":\"\",\"potentialAction\":[{\"@type\":\"SearchAction\",\"target\":{\"@type\":\"EntryPoint\",\"urlTemplate\":\"https:\/\/familie-fussek.at\/?s={search_term_string}\"},\"query-input\":{\"@type\":\"PropertyValueSpecification\",\"valueRequired\":true,\"valueName\":\"search_term_string\"}}],\"inLanguage\":\"de\"}]}<\/script>\n<!-- \/ Yoast SEO plugin. -->","yoast_head_json":{"title":"Home - Melli\u00b4s &amp; G\u00fcnter\u00b4s Webseite","description":"Hier seht Ihr die private Webseite von Melanie Pechmann und G\u00fcnter Fussek.Wir werden euch \u00fcber unseren Sport, Hobbies und Interessen erz\u00e4hlen. Struppy darf auch nicht fehlen.","robots":{"index":"index","follow":"follow","max-snippet":"max-snippet:-1","max-image-preview":"max-image-preview:large","max-video-preview":"max-video-preview:-1"},"canonical":"https:\/\/familie-fussek.at\/","og_locale":"de_DE","og_type":"article","og_title":"Home - Melli\u00b4s &amp; G\u00fcnter\u00b4s Webseite","og_description":"Hier seht Ihr die private Webseite von Melanie Pechmann und G\u00fcnter Fussek.Wir werden euch \u00fcber unseren Sport, Hobbies und Interessen erz\u00e4hlen. Struppy darf auch nicht fehlen.","og_url":"https:\/\/familie-fussek.at\/","og_site_name":"Melli\u00b4s &amp; G\u00fcnter\u00b4s Webseite","article_publisher":"https:\/\/www.facebook.com\/FussekGuenter","article_modified_time":"2020-04-30T04:25:59+00:00","twitter_card":"summary_large_image","twitter_misc":{"Gesch\u00e4tzte Lesezeit":"1\u00a0Minute"},"schema":{"@context":"https:\/\/schema.org","@graph":[{"@type":"WebPage","@id":"https:\/\/familie-fussek.at\/","url":"https:\/\/familie-fussek.at\/","name":"Home - Melli\u00b4s &amp; G\u00fcnter\u00b4s Webseite","isPartOf":{"@id":"https:\/\/familie-fussek.at\/#website"},"datePublished":"2020-04-24T14:15:12+00:00","dateModified":"2020-04-30T04:25:59+00:00","description":"Hier seht Ihr die private Webseite von Melanie Pechmann und G\u00fcnter Fussek.Wir werden euch \u00fcber unseren Sport, Hobbies und Interessen erz\u00e4hlen. Struppy darf auch nicht fehlen.","breadcrumb":{"@id":"https:\/\/familie-fussek.at\/#breadcrumb"},"inLanguage":"de","potentialAction":[{"@type":"ReadAction","target":["https:\/\/familie-fussek.at\/"]}]},{"@type":"BreadcrumbList","@id":"https:\/\/familie-fussek.at\/#breadcrumb","itemListElement":[{"@type":"ListItem","position":1,"name":"Startseite","item":"https:\/\/familie-fussek.at\/"},{"@type":"ListItem","position":2,"name":"Home"}]},{"@type":"WebSite","@id":"https:\/\/familie-fussek.at\/#website","url":"https:\/\/familie-fussek.at\/","name":"Melli\u00b4s &amp; G\u00fcnter\u00b4s Webseite","description":"","potentialAction":[{"@type":"SearchAction","target":{"@type":"EntryPoint","urlTemplate":"https:\/\/familie-fussek.at\/?s={search_term_string}"},"query-input":{"@type":"PropertyValueSpecification","valueRequired":true,"valueName":"search_term_string"}}],"inLanguage":"de"}]}},"_links":{"self":[{"href":"https:\/\/familie-fussek.at\/index.php?rest_route=\/wp\/v2\/pages\/10","targetHints":{"allow":["GET"]}}],"collection":[{"href":"https:\/\/familie-fussek.at\/index.php?rest_route=\/wp\/v2\/pages"}],"about":[{"href":"https:\/\/familie-fussek.at\/index.php?rest_route=\/wp\/v2\/types\/page"}],"author":[{"embeddable":true,"href":"https:\/\/familie-fussek.at\/index.php?rest_route=\/wp\/v2\/users\/1"}],"replies":[{"embeddable":true,"href":"https:\/\/familie-fussek.at\/index.php?rest_route=%2Fwp%2Fv2%2Fcomments&post=10"}],"version-history":[{"count":6,"href":"https:\/\/familie-fussek.at\/index.php?rest_route=\/wp\/v2\/pages\/10\/revisions"}],"predecessor-version":[{"id":76,"href":"https:\/\/familie-fussek.at\/index.php?rest_route=\/wp\/v2\/pages\/10\/revisions\/76"}],"wp:attachment":[{"href":"https:\/\/familie-fussek.at\/index.php?rest_route=%2Fwp%2Fv2%2Fmedia&parent=10"}],"curies":[{"name":"wp","href":"https:\/\/api.w.org\/{rel}","templated":true}]}}